{"id":851,"date":"2022-05-10T03:36:20","date_gmt":"2022-05-10T03:36:20","guid":{"rendered":"https:\/\/www.brainytoon.com\/se\/?page_id=851"},"modified":"2022-06-05T06:23:26","modified_gmt":"2022-06-05T06:23:26","slug":"policy","status":"publish","type":"page","link":"https:\/\/www.brainytoon.com\/se\/policy\/","title":{"rendered":"Integritetspolicy\ufffc"},"content":{"rendered":"<h1>Integritetspolicy<\/h1>\n<p>Ikrafttr\u00e4dande datum: 10 Mars 2022<\/p>\n<p>V\u00e4lkommen till Brainytoon. Vi har \u00e5tagit oss att tillhandah\u00e5lla l\u00e4rorikt, engagerande, roligt och s\u00e4kert inneh\u00e5ll f\u00f6r barn och vuxna. Eftersom Brainytoon \u00e4r en online inl\u00e4rningsmilj\u00f6 f\u00f6r barn, vidtar vi extra f\u00f6rsiktighets\u00e5tg\u00e4rder f\u00f6r v\u00e5ra unga elever.<\/p>\n<p>V\u00e5r sekretesspolicy \u00e4r i enlighet med U.S. Children&#8217;s Online Privacy Protection Act (&#8221;COPPA&#8221;) och beskriver v\u00e5r praxis ang\u00e5ende barns personliga information. Vi kr\u00e4ver v\u00e5ra anv\u00e4ndare och uppmuntrar v\u00e5ra bes\u00f6kare att l\u00e4sa igenom och f\u00f6rst\u00e5 v\u00e5r integritetspolicy. I denna sekretesspolicy kan vi h\u00e4nvisa till Brainytoon som &#8221;Brainytoon&#8221;, &#8221;oss&#8221; eller &#8221;vi&#8221; eller &#8221;webbplats&#8221; eller &#8221;appar&#8221; eller &#8221;f\u00f6retag&#8221; eller &#8221;tj\u00e4nster&#8221;. Vi kommer att h\u00e4nvisa till anv\u00e4ndare av webbplatsen och mobilappar som &#8221;du&#8221; eller &#8221;anv\u00e4ndare&#8221; eller &#8221;kund&#8221; eller &#8221;prenumerant&#8221; eller &#8221;bes\u00f6kare&#8221; eller &#8221;medlem&#8221;.<\/p>\n<p>Genom att f\u00f6rse oss med dina personuppgifter n\u00e4r du anv\u00e4nder tj\u00e4nsterna samtycker du till behandlingen av dina personuppgifter enligt beskrivningen i denna integritetspolicy. \u00c4ven genom att registrera dig f\u00f6r ett Brainytoon-konto godk\u00e4nner du h\u00e4rmed att du \u00e4r \u00f6ver 18 \u00e5r och accepterar v\u00e5ra villkor och sekretesspolicy. Om du inte godk\u00e4nner denna integritetspolicy, v\u00e4nligen g\u00e5 inte \u00e5t eller anv\u00e4nd tj\u00e4nsterna.<\/p>\n<p><strong>Navigationsinformation och UDID<\/strong><\/p>\n<p>Om du bes\u00f6ker eller anv\u00e4nder v\u00e5ra tj\u00e4nster kan vi automatiskt samla in navigeringsinformation, s\u00e5som din IP-adress, datum och tid f\u00f6r bes\u00f6ket och hur l\u00e4nge du stannade p\u00e5 v\u00e5r webbplats, h\u00e4nvisningsadressen, sidorna som bes\u00f6ktes p\u00e5 v\u00e5r webbplats eller app och information om enheten och webbl\u00e4saren (som webbl\u00e4sartyp och version och operativsystem).<\/p>\n<p>Vi kan ocks\u00e5 samla in bes\u00f6ksdata f\u00f6r att b\u00e4ttre f\u00f6rst\u00e5 bes\u00f6karnas beteende, demografi, platser, sidvisningar, tid som spenderats p\u00e5 webbplatsen eller appen och andra m\u00e4tv\u00e4rden och analyser som anv\u00e4nds f\u00f6r att tillhandah\u00e5lla och f\u00f6rb\u00e4ttra v\u00e5ra tj\u00e4nster.<\/p>\n<p>Ut\u00f6ver informationen vi samlar in p\u00e5 v\u00e5r webbplats, kan vi ocks\u00e5 samla in din ortsplats, enhetsmodell och version, enhetsidentifierare (eller &#8221;UDID&#8221;) och OS-version. Denna information beh\u00f6vs i f\u00f6rsta hand f\u00f6r att uppr\u00e4tth\u00e5lla s\u00e4kerheten och driften av v\u00e5ra tj\u00e4nster och f\u00f6r v\u00e5ra interna analys- och rapporterings\u00e4ndam\u00e5l<\/p>\n<p><strong>Personlig information:<\/strong><br \/>\nVi samlar in personlig information som du frivilligt tillhandah\u00e5ller till oss n\u00e4r (a) skapar ett konto f\u00f6r att anv\u00e4nda tj\u00e4nsterna via v\u00e5r webbplats eller app; (b) n\u00e4r du kontaktar oss f\u00f6r att f\u00e5 information om v\u00e5ra tj\u00e4nster. Den personliga information vi samlar in kan inkludera f\u00f6ljande: ditt namn, e-postadress, betalningsinformation och kredit- eller betalkortsnummer. All personlig information som du l\u00e4mnar till oss m\u00e5ste vara sann, fullst\u00e4ndig och korrekt, och du m\u00e5ste meddela oss om eventuella \u00e4ndringar av s\u00e5dan personlig information. Den personliga informationen som tillhandah\u00e5lls f\u00f6r din Brainytoon lagras och hanteras p\u00e5 servrar och v\u00e4rdtj\u00e4nster fr\u00e5n tredje part, inklusive utan begr\u00e4nsning, Amazon Web Service, Mailchimp, Stripe och Google Cloud.<\/p>\n<p><strong>Betalningsinformation<\/strong><\/p>\n<p>N\u00e4r du registrerar dig f\u00f6r att anv\u00e4nda v\u00e5ra tj\u00e4nster samlar vi in \u200b\u200bde uppgifter som beh\u00f6vs f\u00f6r att behandla din betalning. All betalningsdata lagras av en s\u00e4ker betalningsgateway fr\u00e5n tredje part, s\u00e5som Stripe. Du kan hitta Stripes integritetspolicy h\u00e4r: stripe.com.<\/p>\n<p><strong>Anv\u00e4ndarinneh\u00e5ll<\/strong><\/p>\n<p>Vi f\u00f6r ocks\u00e5 register \u00f6ver v\u00e5r korrespondens med dig, inklusive utan begr\u00e4nsning, eventuell feedback och\/eller vittnesm\u00e5l som du har l\u00e4mnat om n\u00e5gon av v\u00e5ra tj\u00e4nster, och informationen som tillhandah\u00e5lls till v\u00e5r kundtj\u00e4nst.<\/p>\n<p><strong>Mobil enhetsdata<\/strong><\/p>\n<p>Vi kan automatiskt samla in enhetsinformation (s\u00e5som ditt mobila enhets-ID, modell och tillverkare), operativsystem, versionsinformation och IP-adress.<\/p>\n<p><strong>Pushmeddelanden<\/strong><\/p>\n<p>Vi kan beg\u00e4ra att skicka push-meddelanden till dig ang\u00e5ende ditt konto eller mobilapplikationen. Om du vill v\u00e4lja bort att ta emot dessa typer av kommunikation kan du st\u00e4nga av dem i enhetens inst\u00e4llningar.<\/p>\n<p><strong>Villkor<\/strong><\/p>\n<p>Denna integritetspolicy utg\u00f6r en del av v\u00e5ra anv\u00e4ndarvillkor, som finns tillg\u00e4ngliga p\u00e5 :\u00a0<a href=\"https:\/\/www.brainytoon.com\/se\/villkor\/\">https:\/\/www.brainytoon.com\/se\/villkor\/<\/a><\/p>\n<p><strong>\u00c4ndringar av v\u00e5r integritetspolicy<\/strong><\/p>\n<p>Brainytoon f\u00f6rbeh\u00e5ller sig r\u00e4tten att, efter eget gottfinnande, \u00e4ndra, modifiera, uppdatera, l\u00e4gga till eller ta bort delar av denna integritetspolicy n\u00e4r som helst, med eller utan meddelande till dig. Din fortsatta anv\u00e4ndning av Brainytoons onlineplattformar efter att eventuella \u00e4ndringar av integritetspolicyn publicerats kommer att inneb\u00e4ra att du accepterar dessa \u00e4ndringar.<\/p>\n<p><strong>Kontakta oss<\/strong><\/p>\n<p>Kontakta oss g\u00e4rna om du har n\u00e5gra fr\u00e5gor om Brainytoons sekretesspolicy eller informationspraxis f\u00f6r v\u00e5ra tj\u00e4nster. Du kan kontakta oss via e-post eller skicka e-post till: support@brainytoon.com<\/p>\n","protected":false},"excerpt":{"rendered":"<p>Integritetspolicy Ikrafttr\u00e4dande datum: 10 Mars 2022 V\u00e4lkommen till Brainytoon. Vi har \u00e5tagit oss att tillhandah\u00e5lla l\u00e4rorikt, engagerande, roligt och s\u00e4kert inneh\u00e5ll f\u00f6r barn och vuxna. Eftersom Brainytoon \u00e4r en online inl\u00e4rningsmilj\u00f6 f\u00f6r barn, vidtar vi extra f\u00f6rsiktighets\u00e5tg\u00e4rder f\u00f6r v\u00e5ra unga elever. V\u00e5r sekretesspolicy \u00e4r i enlighet med U.S. Children&#8217;s Online Privacy Protection Act (&#8221;COPPA&#8221;) och&#8230;<\/p>\n","protected":false},"author":1,"featured_media":0,"parent":0,"menu_order":0,"comment_status":"closed","ping_status":"closed","template":"","meta":{"_kadence_starter_templates_imported_post":false,"_kad_post_transparent":"disable","_kad_post_title":"hide","_kad_post_layout":"","_kad_post_sidebar_id":"","_kad_post_content_style":"","_kad_post_vertical_padding":"","_kad_post_feature":"","_kad_post_feature_position":"","_kad_post_header":false,"_kad_post_footer":false,"_kad_post_classname":"","footnotes":""},"class_list":["post-851","page","type-page","status-publish","hentry"],"yoast_head":"<!-- This site is optimized with the Yoast SEO plugin v27.4 - https:\/\/yoast.com\/product\/yoast-seo-wordpress\/ -->\n<title>Integritetspolicy | Brainytoon<\/title>\n<meta name=\"robots\" content=\"index, follow, max-snippet:-1, max-image-preview:large, max-video-preview:-1\" \/>\n<link rel=\"canonical\" href=\"https:\/\/www.brainytoon.com\/se\/policy\/\" \/>\n<meta property=\"og:locale\" content=\"sv_SE\" \/>\n<meta property=\"og:type\" content=\"article\" \/>\n<meta property=\"og:title\" content=\"Integritetspolicy | Brainytoon\" \/>\n<meta property=\"og:description\" content=\"Integritetspolicy Ikrafttr\u00e4dande datum: 10 Mars 2022 V\u00e4lkommen till Brainytoon. Vi har \u00e5tagit oss att tillhandah\u00e5lla l\u00e4rorikt, engagerande, roligt och s\u00e4kert inneh\u00e5ll f\u00f6r barn och vuxna. Eftersom Brainytoon \u00e4r en online inl\u00e4rningsmilj\u00f6 f\u00f6r barn, vidtar vi extra f\u00f6rsiktighets\u00e5tg\u00e4rder f\u00f6r v\u00e5ra unga elever. V\u00e5r sekretesspolicy \u00e4r i enlighet med U.S. Children&#8217;s Online Privacy Protection Act (&#8221;COPPA&#8221;) och...\" \/>\n<meta property=\"og:url\" content=\"https:\/\/www.brainytoon.com\/se\/policy\/\" \/>\n<meta property=\"og:site_name\" content=\"Brainytoon Sverige\" \/>\n<meta property=\"article:modified_time\" content=\"2022-06-05T06:23:26+00:00\" \/>\n<meta name=\"twitter:card\" content=\"summary_large_image\" \/>\n<script type=\"application\/ld+json\" class=\"yoast-schema-graph\">{\"@context\":\"https:\\\/\\\/schema.org\",\"@graph\":[{\"@type\":\"WebPage\",\"@id\":\"https:\\\/\\\/www.brainytoon.com\\\/se\\\/policy\\\/\",\"url\":\"https:\\\/\\\/www.brainytoon.com\\\/se\\\/policy\\\/\",\"name\":\"Integritetspolicy | Brainytoon\",\"isPartOf\":{\"@id\":\"https:\\\/\\\/www.brainytoon.com\\\/se\\\/#website\"},\"datePublished\":\"2022-05-10T03:36:20+00:00\",\"dateModified\":\"2022-06-05T06:23:26+00:00\",\"breadcrumb\":{\"@id\":\"https:\\\/\\\/www.brainytoon.com\\\/se\\\/policy\\\/#breadcrumb\"},\"inLanguage\":\"sv-SE\",\"potentialAction\":[{\"@type\":\"ReadAction\",\"target\":[\"https:\\\/\\\/www.brainytoon.com\\\/se\\\/policy\\\/\"]}]},{\"@type\":\"BreadcrumbList\",\"@id\":\"https:\\\/\\\/www.brainytoon.com\\\/se\\\/policy\\\/#breadcrumb\",\"itemListElement\":[{\"@type\":\"ListItem\",\"position\":1,\"name\":\"Home\",\"item\":\"https:\\\/\\\/www.brainytoon.com\\\/se\\\/\"},{\"@type\":\"ListItem\",\"position\":2,\"name\":\"Integritetspolicy\ufffc\"}]},{\"@type\":\"WebSite\",\"@id\":\"https:\\\/\\\/www.brainytoon.com\\\/se\\\/#website\",\"url\":\"https:\\\/\\\/www.brainytoon.com\\\/se\\\/\",\"name\":\"Brainytoon Sverige\",\"description\":\"Pedagogiska ber\u00e4ttelser, sagor, b\u00f6cker, ljudb\u00f6cker och videor f\u00f6r barn\",\"publisher\":{\"@id\":\"https:\\\/\\\/www.brainytoon.com\\\/se\\\/#organization\"},\"potentialAction\":[{\"@type\":\"SearchAction\",\"target\":{\"@type\":\"EntryPoint\",\"urlTemplate\":\"https:\\\/\\\/www.brainytoon.com\\\/se\\\/?s={search_term_string}\"},\"query-input\":{\"@type\":\"PropertyValueSpecification\",\"valueRequired\":true,\"valueName\":\"search_term_string\"}}],\"inLanguage\":\"sv-SE\"},{\"@type\":\"Organization\",\"@id\":\"https:\\\/\\\/www.brainytoon.com\\\/se\\\/#organization\",\"name\":\"Brainytoon Sverige\",\"url\":\"https:\\\/\\\/www.brainytoon.com\\\/se\\\/\",\"logo\":{\"@type\":\"ImageObject\",\"inLanguage\":\"sv-SE\",\"@id\":\"https:\\\/\\\/www.brainytoon.com\\\/se\\\/#\\\/schema\\\/logo\\\/image\\\/\",\"url\":\"https:\\\/\\\/www.brainytoon.com\\\/se\\\/wp-content\\\/uploads\\\/sites\\\/2\\\/2026\\\/01\\\/brainytoon-edu.png\",\"contentUrl\":\"https:\\\/\\\/www.brainytoon.com\\\/se\\\/wp-content\\\/uploads\\\/sites\\\/2\\\/2026\\\/01\\\/brainytoon-edu.png\",\"width\":300,\"height\":100,\"caption\":\"Brainytoon Sverige\"},\"image\":{\"@id\":\"https:\\\/\\\/www.brainytoon.com\\\/se\\\/#\\\/schema\\\/logo\\\/image\\\/\"}}]}<\/script>\n<!-- \/ Yoast SEO plugin. -->","yoast_head_json":{"title":"Integritetspolicy | Brainytoon","robots":{"index":"index","follow":"follow","max-snippet":"max-snippet:-1","max-image-preview":"max-image-preview:large","max-video-preview":"max-video-preview:-1"},"canonical":"https:\/\/www.brainytoon.com\/se\/policy\/","og_locale":"sv_SE","og_type":"article","og_title":"Integritetspolicy | Brainytoon","og_description":"Integritetspolicy Ikrafttr\u00e4dande datum: 10 Mars 2022 V\u00e4lkommen till Brainytoon. Vi har \u00e5tagit oss att tillhandah\u00e5lla l\u00e4rorikt, engagerande, roligt och s\u00e4kert inneh\u00e5ll f\u00f6r barn och vuxna. Eftersom Brainytoon \u00e4r en online inl\u00e4rningsmilj\u00f6 f\u00f6r barn, vidtar vi extra f\u00f6rsiktighets\u00e5tg\u00e4rder f\u00f6r v\u00e5ra unga elever. V\u00e5r sekretesspolicy \u00e4r i enlighet med U.S. Children&#8217;s Online Privacy Protection Act (&#8221;COPPA&#8221;) och...","og_url":"https:\/\/www.brainytoon.com\/se\/policy\/","og_site_name":"Brainytoon Sverige","article_modified_time":"2022-06-05T06:23:26+00:00","twitter_card":"summary_large_image","schema":{"@context":"https:\/\/schema.org","@graph":[{"@type":"WebPage","@id":"https:\/\/www.brainytoon.com\/se\/policy\/","url":"https:\/\/www.brainytoon.com\/se\/policy\/","name":"Integritetspolicy | Brainytoon","isPartOf":{"@id":"https:\/\/www.brainytoon.com\/se\/#website"},"datePublished":"2022-05-10T03:36:20+00:00","dateModified":"2022-06-05T06:23:26+00:00","breadcrumb":{"@id":"https:\/\/www.brainytoon.com\/se\/policy\/#breadcrumb"},"inLanguage":"sv-SE","potentialAction":[{"@type":"ReadAction","target":["https:\/\/www.brainytoon.com\/se\/policy\/"]}]},{"@type":"BreadcrumbList","@id":"https:\/\/www.brainytoon.com\/se\/policy\/#breadcrumb","itemListElement":[{"@type":"ListItem","position":1,"name":"Home","item":"https:\/\/www.brainytoon.com\/se\/"},{"@type":"ListItem","position":2,"name":"Integritetspolicy\ufffc"}]},{"@type":"WebSite","@id":"https:\/\/www.brainytoon.com\/se\/#website","url":"https:\/\/www.brainytoon.com\/se\/","name":"Brainytoon Sverige","description":"Pedagogiska ber\u00e4ttelser, sagor, b\u00f6cker, ljudb\u00f6cker och videor f\u00f6r barn","publisher":{"@id":"https:\/\/www.brainytoon.com\/se\/#organization"},"potentialAction":[{"@type":"SearchAction","target":{"@type":"EntryPoint","urlTemplate":"https:\/\/www.brainytoon.com\/se\/?s={search_term_string}"},"query-input":{"@type":"PropertyValueSpecification","valueRequired":true,"valueName":"search_term_string"}}],"inLanguage":"sv-SE"},{"@type":"Organization","@id":"https:\/\/www.brainytoon.com\/se\/#organization","name":"Brainytoon Sverige","url":"https:\/\/www.brainytoon.com\/se\/","logo":{"@type":"ImageObject","inLanguage":"sv-SE","@id":"https:\/\/www.brainytoon.com\/se\/#\/schema\/logo\/image\/","url":"https:\/\/www.brainytoon.com\/se\/wp-content\/uploads\/sites\/2\/2026\/01\/brainytoon-edu.png","contentUrl":"https:\/\/www.brainytoon.com\/se\/wp-content\/uploads\/sites\/2\/2026\/01\/brainytoon-edu.png","width":300,"height":100,"caption":"Brainytoon Sverige"},"image":{"@id":"https:\/\/www.brainytoon.com\/se\/#\/schema\/logo\/image\/"}}]}},"_links":{"self":[{"href":"https:\/\/www.brainytoon.com\/se\/wp-json\/wp\/v2\/pages\/851","targetHints":{"allow":["GET"]}}],"collection":[{"href":"https:\/\/www.brainytoon.com\/se\/wp-json\/wp\/v2\/pages"}],"about":[{"href":"https:\/\/www.brainytoon.com\/se\/wp-json\/wp\/v2\/types\/page"}],"author":[{"embeddable":true,"href":"https:\/\/www.brainytoon.com\/se\/wp-json\/wp\/v2\/users\/1"}],"replies":[{"embeddable":true,"href":"https:\/\/www.brainytoon.com\/se\/wp-json\/wp\/v2\/comments?post=851"}],"version-history":[{"count":12,"href":"https:\/\/www.brainytoon.com\/se\/wp-json\/wp\/v2\/pages\/851\/revisions"}],"predecessor-version":[{"id":3069,"href":"https:\/\/www.brainytoon.com\/se\/wp-json\/wp\/v2\/pages\/851\/revisions\/3069"}],"wp:attachment":[{"href":"https:\/\/www.brainytoon.com\/se\/wp-json\/wp\/v2\/media?parent=851"}],"curies":[{"name":"wp","href":"https:\/\/api.w.org\/{rel}","templated":true}]}}