{"id":841,"date":"2022-05-10T02:54:55","date_gmt":"2022-05-10T02:54:55","guid":{"rendered":"https:\/\/www.brainytoon.com\/se\/?page_id=841"},"modified":"2022-06-05T06:07:50","modified_gmt":"2022-06-05T06:07:50","slug":"villkor","status":"publish","type":"page","link":"https:\/\/www.brainytoon.com\/se\/villkor\/","title":{"rendered":"Villkor"},"content":{"rendered":"<h1>Allm\u00e4nna Villkor<\/h1>\n<p>Ikrafttr\u00e4dande datum: 10 Mars 2022<\/p>\n<p>BrainyToon, Site och\/eller &#8221;Brainytoon &amp; webbplatser och mobilapplikationer och andra fysiska produkter och tj\u00e4nster utvecklas, produceras och drivs av Brainytoon.<\/p>\n<p>\u00c5tkomst och anv\u00e4ndning av tj\u00e4nsten \u00e4r f\u00f6rem\u00e5l f\u00f6r f\u00f6ljande anv\u00e4ndarvillkor (\u201cAnv\u00e4ndarvillkor\u201d). Genom att komma \u00e5t eller anv\u00e4nda n\u00e5gon del av Tj\u00e4nsten intygar du att du har l\u00e4st, f\u00f6rst\u00e5tt och samtycker till att vara bunden av dessa villkor inklusive eventuella framtida \u00e4ndringar.<br \/>\nBrainytoon kan komma att \u00e4ndra, uppdatera eller \u00e4ndra dessa villkor. Om vi \u200b\u200bg\u00f6r detta kommer vi att ange l\u00e4ngst ner i villkoren vilket datum dessa villkor senast reviderades. Om du inte samtycker till att f\u00f6lja dessa villkor har du inte beh\u00f6righet att anv\u00e4nda, komma \u00e5t eller delta i tj\u00e4nsten.<\/p>\n<p><strong>\u00d6versikt<\/strong><\/p>\n<p>Dessa villkor \u00e4r avsedda f\u00f6r f\u00f6r\u00e4ldrar och anv\u00e4ndare av tj\u00e4nsterna.<br \/>\nF\u00f6retagsinsamling, anv\u00e4ndning och avsl\u00f6jande, om n\u00e5gon, av information som samlats in fr\u00e5n dig eller ett barn som \u00e4r auktoriserat av dig beskrivs i integritetspolicyn som \u00e4r inkorporerad genom referens och \u00e4r en del av dessa villkor.<\/p>\n<p>Genom att k\u00f6pa en prenumeration p\u00e5, registrera ett konto f\u00f6r eller anv\u00e4nda tj\u00e4nsterna, inklusive eventuella specifika funktioner hos v\u00e5ra produkter och\/eller tj\u00e4nster, accepterar du dessa villkor.<\/p>\n<p>Vi erbjuder f\u00f6r n\u00e4rvarande v\u00e5ra tj\u00e4nster f\u00f6r:<br \/>\nFamiljer \u2013 genom anv\u00e4ndarkonton; och<br \/>\nSkolor \u2013 genom f\u00f6retagskonton;<\/p>\n<p>Genom att aktivera ett konto godk\u00e4nner du att vi kan f\u00f6rnya din prenumeration automatiskt under samma prenumerationsperiod dagen efter att din tidigare prenumeration upph\u00f6r, och du ger oss tillst\u00e5nd att debitera dig f\u00f6r prenumerationsperioden, s\u00e5vida du inte s\u00e4ger upp ditt konto f\u00f6re dess f\u00f6rnyelsedatum genom.<br \/>\nDU GODK\u00c4NNER ATT SKILJA TVIST I st\u00e4llet f\u00f6r att g\u00e5 till domstol.<br \/>\nDin anv\u00e4ndning av tj\u00e4nsterna \u00e4r i befintligt skick, utan garanti och kommer inte att leda till n\u00e5got ansvar gentemot oss.<\/p>\n<p><strong>1. Medlemskap<\/strong><\/p>\n<p>Du m\u00e5ste vara 18 \u00e5r eller \u00e4ldre f\u00f6r att skapa ett konto och registrera dig f\u00f6r en betalprenumeration. Ditt medlemskap \u00e4r ej \u00f6verl\u00e5tbart. Du f\u00e5r inte dela ditt anv\u00e4ndarnamn, e-postadress och l\u00f6senord med n\u00e5gon annan eller till\u00e5ta n\u00e5gon annan att komma \u00e5t sidan med ditt anv\u00e4ndarnamn och l\u00f6senord. Du \u00e4r ansvarig f\u00f6r varje anv\u00e4ndning av webbplatsen som sker i samband med anv\u00e4ndning av ditt anv\u00e4ndarnamn och l\u00f6senord. Du m\u00e5ste g\u00f6ra rimliga anstr\u00e4ngningar f\u00f6r att h\u00e5lla ditt anv\u00e4ndarnamn och l\u00f6senord konfidentiella. Du m\u00e5ste meddela oss s\u00e5 snart du blir medveten om n\u00e5gon obeh\u00f6rig anv\u00e4ndning av ditt medlemskap, anv\u00e4ndarnamn eller l\u00f6senord. Medlemskap \u00e4r baserat p\u00e5 periodiska prenumerationsavgifter som beskrivs p\u00e5 webbplatsens registreringssida. Ditt medlemskap, eller tillg\u00e5ng till inneh\u00e5ll och omr\u00e5den p\u00e5 webbplatsen, kommer att st\u00e4ngas av eller avbrytas om vi inte f\u00e5r avgifterna f\u00f6r din prenumerationstyp.<\/p>\n<p><strong>2. Betalningar<\/strong><\/p>\n<p>A) Automatisk f\u00f6rnyelse, \u00e5terkommande planer<br \/>\nDu f\u00f6rst\u00e5r och samtycker till att medlemsavgifterna betalas av dig till den kurs som erbjuds vid k\u00f6ptillf\u00e4llet m\u00e5nadsvis eller \u00e5rligen, beroende p\u00e5 dina medlemsvillkor f\u00f6r att f\u00e5 tillg\u00e5ng till det betalda inneh\u00e5llet under en p\u00e5g\u00e5ende period.<\/p>\n<p>B) Presentk\u00f6p<br \/>\nDu f\u00f6rst\u00e5r och samtycker till att presentk\u00f6p betalas av dig till den kurs som erbjuds vid k\u00f6ptillf\u00e4llet f\u00f6r att f\u00e5 tillg\u00e5ng till det betalda inneh\u00e5llet. Du f\u00f6rst\u00e5r att ditt presentk\u00f6p inte kommer att f\u00f6rnyas automatiskt och du m\u00e5ste \u00e5terk\u00f6pa och prenumerera p\u00e5 nytt f\u00f6r att forts\u00e4tta tj\u00e4nsten.<\/p>\n<p>C) Avbokningar<br \/>\nDu f\u00f6rst\u00e5r att du kan avbryta ditt abonnemang n\u00e4r som helst f\u00f6r att avbryta ditt p\u00e5g\u00e5ende medlemskap. Om du avbryter ditt medlemskap avbryts alternativet f\u00f6r automatisk fakturering och det stoppar inte din tj\u00e4nst eller \u00e5tkomst. Vi kommer att skicka ett bekr\u00e4ftelsemail till dig n\u00e4r det avbryts.<br \/>\nAvbokningar av appar<br \/>\nOm du prenumererar p\u00e5 Brainytoon-appen m\u00e5ste du s\u00e4ga upp din prenumeration via Apple App store eller Google Play Store. Brainytoon har ingen kontroll \u00f6ver anv\u00e4ndarens appprenumerationer.<\/p>\n<p>D) \u00c5terbetalningar<br \/>\nBrainytoon erbjuder inte hel eller partiell \u00e5terbetalning f\u00f6r prenumerationer p\u00e5 webbplatser och appar. Vi uppmuntrar v\u00e5ra kunder att dra nytta av den kostnadsfria provperioden f\u00f6re k\u00f6p.<\/p>\n<p><strong>3. Tillg\u00e4nglighet och anv\u00e4ndning av webbplatsen<\/strong><\/p>\n<p>Webbplatsen kommer vanligtvis att vara tillg\u00e4nglig 24 timmar om dygnet, sju dagar i veckan. Vi kan dock beh\u00f6va avbryta eller st\u00e4nga av webbplatsen eller tillhandah\u00e5llandet av webbplatsens tj\u00e4nster och inneh\u00e5ll, av underh\u00e5lls-, tekniska eller andra sk\u00e4l.<br \/>\nVi \u00e4r glada \u00f6ver att kunna erbjuda ett brett utbud av exklusivt inneh\u00e5ll p\u00e5 webbplatsen f\u00f6r dina utbildnings- och inl\u00e4rningsbehov, som vi str\u00e4var efter att regelbundet l\u00e4gga till. Inneh\u00e5llet kommer att uppdateras, \u00e4ndras eller tas bort fr\u00e5n tid till annan, efter v\u00e5rt gottfinnande, s\u00e5 vi kan inte garantera att specifikt inneh\u00e5ll alltid kommer att finnas tillg\u00e4ngligt p\u00e5 webbplatsen.<\/p>\n<p><strong>4. R\u00e4ttigheter till inneh\u00e5ll; immateriella r\u00e4ttigheter<\/strong><\/p>\n<p>Brainytoon \u00e4r \u00e4gare till allt inneh\u00e5ll. Varje inneh\u00e5llsobjekt \u00e4r upphovsr\u00e4ttsskyddat av dess f\u00f6rfattare. Allt inneh\u00e5ll skyddas av amerikansk och internationell upphovsr\u00e4tt, varum\u00e4rken, kl\u00e4dsel, patent och andra immateriella r\u00e4ttigheter och lagar i st\u00f6rsta m\u00f6jliga utstr\u00e4ckning. &#8221;Inneh\u00e5ll&#8221; betyder all text, grafik, anv\u00e4ndargr\u00e4nssnitt, visuella gr\u00e4nssnitt, fotografier, logotyper, ljud, musik, konstverk och datorkod som visas p\u00e5 eller \u00e4r tillg\u00e4nglig via tj\u00e4nsterna<br \/>\nDitt medlemskap ger dig en r\u00e4tt (en \u00e5terkallbar, icke-exklusiv licens) att anv\u00e4nda inneh\u00e5llet f\u00f6r personliga \u00e4ndam\u00e5l. Du f\u00e5r inte vidaredistribuera inneh\u00e5ll. Alla projektfiler, kalkylblad eller andra tillg\u00e5ngar associerade med inneh\u00e5ll ing\u00e5r f\u00f6r att demonstrera kursen eller handledningen. Du f\u00e5r anv\u00e4nda, modifiera och manipulera filer f\u00f6r dina egna personliga utbildnings\u00e4ndam\u00e5l, men du f\u00e5r inte p\u00e5 annat s\u00e4tt utnyttja filerna och tillg\u00e5ngarna i dem, eller omdistribuera filerna eller tillg\u00e5ngarna.<br \/>\nVarum\u00e4rkena och logotyperna som visas p\u00e5 webbplatsen \u00e4r, om inte annat anges, Brainytoons varum\u00e4rken. och andra, och du f\u00e5r inte anv\u00e4nda dessa utan godk\u00e4nnande av relevant \u00e4gare.<\/p>\n<p>Ditt medlemskap ger dig en r\u00e4tt (en \u00e5terkallbar, icke-exklusiv licens) att anv\u00e4nda inneh\u00e5llet f\u00f6r personliga \u00e4ndam\u00e5l. Du f\u00e5r inte vidaredistribuera inneh\u00e5ll (s\u00e5som kalkylblad, flashcards, videor, handledningar, e-b\u00f6cker, kurser och k\u00e4llfiler). Alla projektfiler, kalkylblad eller andra tillg\u00e5ngar associerade med inneh\u00e5ll ing\u00e5r f\u00f6r att demonstrera kursen eller handledningen. Du f\u00e5r anv\u00e4nda, modifiera och manipulera filer f\u00f6r dina egna personliga utbildnings\u00e4ndam\u00e5l, men du f\u00e5r inte p\u00e5 annat s\u00e4tt utnyttja filerna och tillg\u00e5ngarna i dem, eller omdistribuera filerna eller tillg\u00e5ngarna. Om du \u00e4lskar inneh\u00e5llet, be dina v\u00e4nner att bli medlemmar ocks\u00e5!<br \/>\nVarum\u00e4rkena och logotyperna som visas p\u00e5 webbplatsen \u00e4r, om inte annat anges, Brainytoons varum\u00e4rken. och andra, och du f\u00e5r inte anv\u00e4nda dessa utan godk\u00e4nnande av relevant \u00e4gare.<\/p>\n<p><strong>5. Till\u00e5ten anv\u00e4ndning och f\u00f6rbjudet beteende<\/strong><\/p>\n<p>Inneh\u00e5llet \u00e4r streambart. Du har inte till\u00e5telse att ladda ner inneh\u00e5ll till din dator som en del av ditt medlemskap. Vi uppmuntrar dig att ladda ner utskrivbart material endast f\u00f6r personligt pedagogiskt bruk. Ditt medlemskap \u00e4r f\u00f6rem\u00e5l f\u00f6r en policy f\u00f6r &#8221;till\u00e5ten anv\u00e4ndning&#8221;. V\u00e5r policy f\u00f6r &#8221;till\u00e5ten anv\u00e4ndning&#8221; kr\u00e4ver att din anv\u00e4ndning av webbplatsen och inneh\u00e5llet m\u00e5ste vara r\u00e4ttvis, \u00e4kta och rimlig. Vi kommer att anv\u00e4nda v\u00e5rt rimliga utrymme f\u00f6r att avg\u00f6ra om en medlem har f\u00f6ljt policyn f\u00f6r &#8221;till\u00e5ten anv\u00e4ndning&#8221;. Du f\u00e5r inte anv\u00e4nda skript f\u00f6r att automatiskt massnedladdning av inneh\u00e5ll. Du f\u00e5r inte heller:<br \/>\nDu f\u00e5r inte heller:<br \/>\nanv\u00e4nda en falsk e-postadress, utge sig f\u00f6r att vara andra eller f\u00f6rvr\u00e4nga din anknytning till andra;<br \/>\nf\u00f6rs\u00f6k att f\u00e5 obeh\u00f6rig \u00e5tkomst till datorsystem eller material via webbplatsen;<br \/>\ndelta i automatisk insamling av information fr\u00e5n eller genom webbplatsen (s\u00e5som &#8221;spidering&#8221;, &#8221;screen scraping&#8221;, &#8221;databas scraping&#8221; eller sk\u00f6rd av e-postadresser);<br \/>\nf\u00f6rs\u00f6k att avbryta eller \u00e4ndra webbplatsens funktion p\u00e5 n\u00e5got s\u00e4tt (till exempel genom att skicka o\u00f6nskade massmeddelanden, &#8221;\u00f6versv\u00e4mma&#8221; servrar eller introducera ett virus, tidsinst\u00e4lld bomb, trojansk h\u00e4st, mask, cancelbot eller annan datorrutin);<br \/>\nanv\u00e4nda webbplatsen eller inneh\u00e5llet p\u00e5 ett s\u00e4tt som bryter mot till\u00e4mplig lag, som bryter mot tredje parts immateriella r\u00e4ttigheter eller andra r\u00e4ttigheter, eller som \u00e4r bedr\u00e4gligt, obscent, st\u00f6tande eller \u00e4rekr\u00e4nkande; eller<br \/>\nf\u00f6rutom vad som \u00e4r till\u00e5tet i dessa medlemsvillkor, kopiera, distribuera, \u00f6verf\u00f6ra, modifiera eller p\u00e5 annat s\u00e4tt utnyttja inneh\u00e5llet eller annan data eller kod som g\u00f6rs tillg\u00e4nglig via webbplatsen.<\/p>\n<p><strong>6. Reklamationer om immateriella r\u00e4ttigheter<\/strong><\/p>\n<p>Vi respekterar andras immateriella r\u00e4ttigheter och kr\u00e4ver att du g\u00f6r detsamma. Kontakta oss om du tror att dina immateriella r\u00e4ttigheter eller andra r\u00e4ttigheter p\u00e5verkas av n\u00e5got p\u00e5 webbplatsen. Om du specifikt g\u00f6r ett upphovsr\u00e4ttsbaserat anspr\u00e5k ang\u00e5ende inneh\u00e5ll, v\u00e4nligen vidarebefordra f\u00f6ljande information till oss:<br \/>\ndin adress, telefonnummer och e-postadress;<br \/>\nen beskrivning av platsen f\u00f6r det p\u00e5st\u00e5dda intr\u00e5ngsmaterialet;<br \/>\nen beskrivning av det upphovsr\u00e4ttsskyddade verk som p\u00e5st\u00e5s ha kr\u00e4nkts; och<br \/>\nett uttalande fr\u00e5n dig att du garanterar att informationen i ditt anspr\u00e5k \u00e4r korrekt och att du antingen \u00e4r upphovsr\u00e4ttsinnehavaren eller har beh\u00f6righet att agera p\u00e5 upphovsr\u00e4tten.<\/p>\n<p><strong>7. Sekretess<\/strong><\/p>\n<p>V\u00e5r informationsinsamling och anv\u00e4ndning av all personlig information om dig framg\u00e5r av v\u00e5r integritetspolicy<br \/>\nVi kan avsl\u00f6ja all personlig information som \u00e4r n\u00f6dv\u00e4ndig f\u00f6r att tillgodose lagar, f\u00f6rordningar eller myndigheters beg\u00e4ran.<\/p>\n<p><strong>8. Avslag, avst\u00e4ngning eller upps\u00e4gning av medlemskap<\/strong><\/p>\n<p>Vi kan, efter eget gottfinnande, omedelbart begr\u00e4nsa, avbryta eller avsluta ditt medlemskap och \u00e5tkomst till webbplatsen om vi anser att du bryter mot dessa medlemsvillkor, andra webbplatsregler eller till\u00e4mplig lag.<br \/>\nVi f\u00f6rbeh\u00e5ller oss r\u00e4tten att v\u00e4gra medlemskap efter eget gottfinnande (exempel inkluderar tidigare brott mot medlemsvillkoren.<\/p>\n<p><strong>9. Ansvar och ansvarsfriskrivning<\/strong><\/p>\n<p>F\u00f6rutom vad som anges i en till\u00e4mplig icke-exkluderbar lag, \u00e4r vi endast bundna av de uttryckliga l\u00f6ften som ges i dessa medlemsvillkor och \u00e4r inte bundna av underf\u00f6rst\u00e5dda villkor. F\u00f6rutom vad som anges i en till\u00e4mplig lag som inte kan uteslutas:<br \/>\nvi lovar inte att inneh\u00e5llet eller din \u00e5tkomst till webbplatsen kommer att vara oavbruten eller felfri, att eventuella defekter kommer att korrigeras eller att webbplatsen eller inneh\u00e5llet \u00e4r fritt fr\u00e5n virus eller andra skadliga komponenter; och<br \/>\nvi ger inga l\u00f6ften om din \u00e5tkomst till, eller resultatet av din \u00e5tkomst till, webbplatsen eller inneh\u00e5llet n\u00e4r det g\u00e4ller korrekthet, noggrannhet, aktualitet, fullst\u00e4ndighet, tillf\u00f6rlitlighet eller annat.<br \/>\nF\u00f6rutom vad som anges i en till\u00e4mplig icke-exkluderbar lag, \u00e4r vi och v\u00e5ra dotterbolag inte ansvariga f\u00f6r indirekta, of\u00f6rutsedda, speciella eller f\u00f6ljdskador, f\u00f6rlust eller inkomst eller f\u00f6rlust av vinst som \u00e4r ett resultat av anv\u00e4ndning av eller tillg\u00e5ng till, eller of\u00f6rm\u00e5ga att anv\u00e4nda eller f\u00e5 tillg\u00e5ng till webbplatsen.<\/p>\n<p><strong>10. \u00c4ndringar av medlemsvillkoren<\/strong><\/p>\n<p>Vi kan komma att \u00e4ndra dessa medlemsvillkor fr\u00e5n tid till annan. Du kommer att ges m\u00f6jlighet att s\u00e4ga upp din prenumeration med en proportionell \u00e5terbetalning (baserat p\u00e5 \u00e5terst\u00e5ende tid i din prenumeration) om du inte vill acceptera \u00e4ndringarna. Om du inte v\u00e4ljer bort det p\u00e5 detta s\u00e4tt kommer din fortsatta prenumeration p\u00e5 och anv\u00e4ndning av webbplatsen att inneb\u00e4ra ett godk\u00e4nnande av de uppdaterade medlemsvillkoren.<\/p>\n<p><strong>11. Till\u00e4mpliga lagar<\/strong><\/p>\n<p>Vi kontrollerar och driver webbplatsen fr\u00e5n v\u00e5ra kontor i USA. Lagarna i USA styr dessa medlemsvillkor, och du och Brainytoon underkastar sig domstolarnas jurisdiktion.<\/p>\n<p><strong>12. Inl\u00e4mning av inneh\u00e5ll f\u00f6r bidragsgivare, leverant\u00f6rer, talanger<\/strong><\/p>\n<p>Om du \u00e4r eller blir en bidragsgivare f\u00f6r Brainytoon kan du erbjuda dig att skapa, skriva, \u00f6vers\u00e4tta, producera, redigera, justera, g\u00f6ra en voice over, sjunga, g\u00f6ra musik, bild, illustration, video, animation, ljudeffekt, utveckla programvara, spel, webbplats, mobilapp, enligt \u00f6verenskommelse mellan dig och Brainytoon fr\u00e5n fall till fall.<br \/>\nMed f\u00f6rbeh\u00e5ll f\u00f6r eventuella riktlinjer som publiceras p\u00e5 tj\u00e4nsten kan du utf\u00f6ra alla uppgifter och projekt i enlighet med ditt eget schema och anv\u00e4nda dina egna faciliteter och resurser. Du bekr\u00e4ftar att du ocks\u00e5 kommer att f\u00e5 ers\u00e4ttning f\u00f6r dina aktiviteter som bidragsgivare.<br \/>\nAlla bidrag du skickar in eller har skickat in som bidragsgivare \u00e4gs av Brainytoon, Brainytoon. du ger oss ocks\u00e5 en fullt betald, royaltyfri, evig, underlicenserbar licens f\u00f6r att reproducera, visa, utf\u00f6ra, modifiera, skapa h\u00e4rledda verk av, distribuera och p\u00e5 annat s\u00e4tt anv\u00e4nda s\u00e5dant bidragsgivare material p\u00e5 n\u00e5got s\u00e4tt.<br \/>\nAlla r\u00e4ttigheter till anv\u00e4ndargenererat inneh\u00e5ll, inklusive alla immateriella r\u00e4ttigheter, ska f\u00f6rbli anv\u00e4ndarens exklusiva egendom. Genom att publicera, skicka eller distribuera anv\u00e4ndargenererat inneh\u00e5ll p\u00e5 eller genom tj\u00e4nsterna ger du oss en begr\u00e4nsad, icke-exklusiv licens att anv\u00e4nda, kopiera, distribuera, visa, \u00f6verf\u00f6ra och publicera s\u00e5dant anv\u00e4ndargenererat inneh\u00e5ll f\u00f6r de \u00e4ndam\u00e5l som anges i dessa villkor, den publicerade integritetspolicyn och eventuella ytterligare villkor, i alla format, p\u00e5 eller genom n\u00e5got medium som nu \u00e4r k\u00e4nt eller utvecklas h\u00e4refter, och med all teknik eller utrustning som nu \u00e4r k\u00e4nd eller som utvecklas h\u00e4refter.<\/p>\n<p><strong>13. \u00c4ndringar av v\u00e5ra villkor<\/strong><\/p>\n<p>Brainytoon f\u00f6rbeh\u00e5ller sig r\u00e4tten att, efter eget gottfinnande, \u00e4ndra, modifiera, uppdatera, l\u00e4gga till eller ta bort delar av dessa villkor och villkor n\u00e4r som helst, med eller utan meddelande till dig. Din fortsatta anv\u00e4ndning av Brainytoons onlineplattformar efter publicering av eventuella \u00e4ndringar av villkoren kommer att inneb\u00e4ra att du accepterar dessa \u00e4ndringar.<\/p>\n<p><strong>14. Kontakta oss<\/strong><\/p>\n<p>Kontakta oss g\u00e4rna om du har n\u00e5gra fr\u00e5gor om Brainytoons villkor eller informationspraxis f\u00f6r v\u00e5ra tj\u00e4nster. Du kan kontakta oss via e-post eller skicka e-post till: support@brainytoon.com<\/p>\n","protected":false},"excerpt":{"rendered":"<p>Allm\u00e4nna Villkor Ikrafttr\u00e4dande datum: 10 Mars 2022 BrainyToon, Site och\/eller &#8221;Brainytoon &amp; webbplatser och mobilapplikationer och andra fysiska produkter och tj\u00e4nster utvecklas, produceras och drivs av Brainytoon. \u00c5tkomst och anv\u00e4ndning av tj\u00e4nsten \u00e4r f\u00f6rem\u00e5l f\u00f6r f\u00f6ljande anv\u00e4ndarvillkor (\u201cAnv\u00e4ndarvillkor\u201d). Genom att komma \u00e5t eller anv\u00e4nda n\u00e5gon del av Tj\u00e4nsten intygar du att du har l\u00e4st, f\u00f6rst\u00e5tt&#8230;<\/p>\n","protected":false},"author":1,"featured_media":0,"parent":0,"menu_order":0,"comment_status":"closed","ping_status":"closed","template":"","meta":{"_kadence_starter_templates_imported_post":false,"_kad_post_transparent":"disable","_kad_post_title":"hide","_kad_post_layout":"","_kad_post_sidebar_id":"","_kad_post_content_style":"","_kad_post_vertical_padding":"","_kad_post_feature":"","_kad_post_feature_position":"","_kad_post_header":false,"_kad_post_footer":false,"_kad_post_classname":"","footnotes":""},"class_list":["post-841","page","type-page","status-publish","hentry"],"yoast_head":"<!-- This site is optimized with the Yoast SEO plugin v27.4 - https:\/\/yoast.com\/product\/yoast-seo-wordpress\/ -->\n<title>Villkor - Brainytoon Sverige<\/title>\n<meta name=\"robots\" content=\"index, follow, max-snippet:-1, max-image-preview:large, max-video-preview:-1\" \/>\n<link rel=\"canonical\" href=\"https:\/\/www.brainytoon.com\/se\/villkor\/\" \/>\n<meta property=\"og:locale\" content=\"sv_SE\" \/>\n<meta property=\"og:type\" content=\"article\" \/>\n<meta property=\"og:title\" content=\"Villkor - Brainytoon Sverige\" \/>\n<meta property=\"og:description\" content=\"Allm\u00e4nna Villkor Ikrafttr\u00e4dande datum: 10 Mars 2022 BrainyToon, Site och\/eller &#8221;Brainytoon &amp; webbplatser och mobilapplikationer och andra fysiska produkter och tj\u00e4nster utvecklas, produceras och drivs av Brainytoon. \u00c5tkomst och anv\u00e4ndning av tj\u00e4nsten \u00e4r f\u00f6rem\u00e5l f\u00f6r f\u00f6ljande anv\u00e4ndarvillkor (\u201cAnv\u00e4ndarvillkor\u201d). Genom att komma \u00e5t eller anv\u00e4nda n\u00e5gon del av Tj\u00e4nsten intygar du att du har l\u00e4st, f\u00f6rst\u00e5tt...\" \/>\n<meta property=\"og:url\" content=\"https:\/\/www.brainytoon.com\/se\/villkor\/\" \/>\n<meta property=\"og:site_name\" content=\"Brainytoon Sverige\" \/>\n<meta property=\"article:modified_time\" content=\"2022-06-05T06:07:50+00:00\" \/>\n<meta name=\"twitter:card\" content=\"summary_large_image\" \/>\n<script type=\"application\/ld+json\" class=\"yoast-schema-graph\">{\"@context\":\"https:\\\/\\\/schema.org\",\"@graph\":[{\"@type\":\"WebPage\",\"@id\":\"https:\\\/\\\/www.brainytoon.com\\\/se\\\/villkor\\\/\",\"url\":\"https:\\\/\\\/www.brainytoon.com\\\/se\\\/villkor\\\/\",\"name\":\"Villkor - Brainytoon Sverige\",\"isPartOf\":{\"@id\":\"https:\\\/\\\/www.brainytoon.com\\\/se\\\/#website\"},\"datePublished\":\"2022-05-10T02:54:55+00:00\",\"dateModified\":\"2022-06-05T06:07:50+00:00\",\"breadcrumb\":{\"@id\":\"https:\\\/\\\/www.brainytoon.com\\\/se\\\/villkor\\\/#breadcrumb\"},\"inLanguage\":\"sv-SE\",\"potentialAction\":[{\"@type\":\"ReadAction\",\"target\":[\"https:\\\/\\\/www.brainytoon.com\\\/se\\\/villkor\\\/\"]}]},{\"@type\":\"BreadcrumbList\",\"@id\":\"https:\\\/\\\/www.brainytoon.com\\\/se\\\/villkor\\\/#breadcrumb\",\"itemListElement\":[{\"@type\":\"ListItem\",\"position\":1,\"name\":\"Home\",\"item\":\"https:\\\/\\\/www.brainytoon.com\\\/se\\\/\"},{\"@type\":\"ListItem\",\"position\":2,\"name\":\"Villkor\"}]},{\"@type\":\"WebSite\",\"@id\":\"https:\\\/\\\/www.brainytoon.com\\\/se\\\/#website\",\"url\":\"https:\\\/\\\/www.brainytoon.com\\\/se\\\/\",\"name\":\"Brainytoon Sverige\",\"description\":\"Pedagogiska ber\u00e4ttelser, sagor, b\u00f6cker, ljudb\u00f6cker och videor f\u00f6r barn\",\"publisher\":{\"@id\":\"https:\\\/\\\/www.brainytoon.com\\\/se\\\/#organization\"},\"potentialAction\":[{\"@type\":\"SearchAction\",\"target\":{\"@type\":\"EntryPoint\",\"urlTemplate\":\"https:\\\/\\\/www.brainytoon.com\\\/se\\\/?s={search_term_string}\"},\"query-input\":{\"@type\":\"PropertyValueSpecification\",\"valueRequired\":true,\"valueName\":\"search_term_string\"}}],\"inLanguage\":\"sv-SE\"},{\"@type\":\"Organization\",\"@id\":\"https:\\\/\\\/www.brainytoon.com\\\/se\\\/#organization\",\"name\":\"Brainytoon Sverige\",\"url\":\"https:\\\/\\\/www.brainytoon.com\\\/se\\\/\",\"logo\":{\"@type\":\"ImageObject\",\"inLanguage\":\"sv-SE\",\"@id\":\"https:\\\/\\\/www.brainytoon.com\\\/se\\\/#\\\/schema\\\/logo\\\/image\\\/\",\"url\":\"https:\\\/\\\/www.brainytoon.com\\\/se\\\/wp-content\\\/uploads\\\/sites\\\/2\\\/2026\\\/01\\\/brainytoon-edu.png\",\"contentUrl\":\"https:\\\/\\\/www.brainytoon.com\\\/se\\\/wp-content\\\/uploads\\\/sites\\\/2\\\/2026\\\/01\\\/brainytoon-edu.png\",\"width\":300,\"height\":100,\"caption\":\"Brainytoon Sverige\"},\"image\":{\"@id\":\"https:\\\/\\\/www.brainytoon.com\\\/se\\\/#\\\/schema\\\/logo\\\/image\\\/\"}}]}<\/script>\n<!-- \/ Yoast SEO plugin. -->","yoast_head_json":{"title":"Villkor - Brainytoon Sverige","robots":{"index":"index","follow":"follow","max-snippet":"max-snippet:-1","max-image-preview":"max-image-preview:large","max-video-preview":"max-video-preview:-1"},"canonical":"https:\/\/www.brainytoon.com\/se\/villkor\/","og_locale":"sv_SE","og_type":"article","og_title":"Villkor - Brainytoon Sverige","og_description":"Allm\u00e4nna Villkor Ikrafttr\u00e4dande datum: 10 Mars 2022 BrainyToon, Site och\/eller &#8221;Brainytoon &amp; webbplatser och mobilapplikationer och andra fysiska produkter och tj\u00e4nster utvecklas, produceras och drivs av Brainytoon. \u00c5tkomst och anv\u00e4ndning av tj\u00e4nsten \u00e4r f\u00f6rem\u00e5l f\u00f6r f\u00f6ljande anv\u00e4ndarvillkor (\u201cAnv\u00e4ndarvillkor\u201d). Genom att komma \u00e5t eller anv\u00e4nda n\u00e5gon del av Tj\u00e4nsten intygar du att du har l\u00e4st, f\u00f6rst\u00e5tt...","og_url":"https:\/\/www.brainytoon.com\/se\/villkor\/","og_site_name":"Brainytoon Sverige","article_modified_time":"2022-06-05T06:07:50+00:00","twitter_card":"summary_large_image","schema":{"@context":"https:\/\/schema.org","@graph":[{"@type":"WebPage","@id":"https:\/\/www.brainytoon.com\/se\/villkor\/","url":"https:\/\/www.brainytoon.com\/se\/villkor\/","name":"Villkor - Brainytoon Sverige","isPartOf":{"@id":"https:\/\/www.brainytoon.com\/se\/#website"},"datePublished":"2022-05-10T02:54:55+00:00","dateModified":"2022-06-05T06:07:50+00:00","breadcrumb":{"@id":"https:\/\/www.brainytoon.com\/se\/villkor\/#breadcrumb"},"inLanguage":"sv-SE","potentialAction":[{"@type":"ReadAction","target":["https:\/\/www.brainytoon.com\/se\/villkor\/"]}]},{"@type":"BreadcrumbList","@id":"https:\/\/www.brainytoon.com\/se\/villkor\/#breadcrumb","itemListElement":[{"@type":"ListItem","position":1,"name":"Home","item":"https:\/\/www.brainytoon.com\/se\/"},{"@type":"ListItem","position":2,"name":"Villkor"}]},{"@type":"WebSite","@id":"https:\/\/www.brainytoon.com\/se\/#website","url":"https:\/\/www.brainytoon.com\/se\/","name":"Brainytoon Sverige","description":"Pedagogiska ber\u00e4ttelser, sagor, b\u00f6cker, ljudb\u00f6cker och videor f\u00f6r barn","publisher":{"@id":"https:\/\/www.brainytoon.com\/se\/#organization"},"potentialAction":[{"@type":"SearchAction","target":{"@type":"EntryPoint","urlTemplate":"https:\/\/www.brainytoon.com\/se\/?s={search_term_string}"},"query-input":{"@type":"PropertyValueSpecification","valueRequired":true,"valueName":"search_term_string"}}],"inLanguage":"sv-SE"},{"@type":"Organization","@id":"https:\/\/www.brainytoon.com\/se\/#organization","name":"Brainytoon Sverige","url":"https:\/\/www.brainytoon.com\/se\/","logo":{"@type":"ImageObject","inLanguage":"sv-SE","@id":"https:\/\/www.brainytoon.com\/se\/#\/schema\/logo\/image\/","url":"https:\/\/www.brainytoon.com\/se\/wp-content\/uploads\/sites\/2\/2026\/01\/brainytoon-edu.png","contentUrl":"https:\/\/www.brainytoon.com\/se\/wp-content\/uploads\/sites\/2\/2026\/01\/brainytoon-edu.png","width":300,"height":100,"caption":"Brainytoon Sverige"},"image":{"@id":"https:\/\/www.brainytoon.com\/se\/#\/schema\/logo\/image\/"}}]}},"_links":{"self":[{"href":"https:\/\/www.brainytoon.com\/se\/wp-json\/wp\/v2\/pages\/841","targetHints":{"allow":["GET"]}}],"collection":[{"href":"https:\/\/www.brainytoon.com\/se\/wp-json\/wp\/v2\/pages"}],"about":[{"href":"https:\/\/www.brainytoon.com\/se\/wp-json\/wp\/v2\/types\/page"}],"author":[{"embeddable":true,"href":"https:\/\/www.brainytoon.com\/se\/wp-json\/wp\/v2\/users\/1"}],"replies":[{"embeddable":true,"href":"https:\/\/www.brainytoon.com\/se\/wp-json\/wp\/v2\/comments?post=841"}],"version-history":[{"count":6,"href":"https:\/\/www.brainytoon.com\/se\/wp-json\/wp\/v2\/pages\/841\/revisions"}],"predecessor-version":[{"id":3064,"href":"https:\/\/www.brainytoon.com\/se\/wp-json\/wp\/v2\/pages\/841\/revisions\/3064"}],"wp:attachment":[{"href":"https:\/\/www.brainytoon.com\/se\/wp-json\/wp\/v2\/media?parent=841"}],"curies":[{"name":"wp","href":"https:\/\/api.w.org\/{rel}","templated":true}]}}