{"id":89,"date":"2024-09-24T05:46:14","date_gmt":"2024-09-24T05:46:14","guid":{"rendered":"https:\/\/www.brainytoon.com\/de\/?page_id=89"},"modified":"2024-09-24T05:47:35","modified_gmt":"2024-09-24T05:47:35","slug":"nutzungsbedingungen","status":"publish","type":"page","link":"https:\/\/www.brainytoon.com\/de\/nutzungsbedingungen\/","title":{"rendered":"Nutzungsbedingungen"},"content":{"rendered":"\n<h2 class=\"wp-block-heading\">Nutzungsbedingungen<\/h2>\n\n\n\n<p><strong>Wirksamkeitsdatum: 10. September 2024<\/strong><\/p>\n\n\n\n<p>Brainytoon, die Website und\/oder \u201eBrainytoon\u201c &amp; die mobilen Anwendungen sowie andere physische Produkte und Dienstleistungen werden von Brainytoon entwickelt, produziert und betrieben. Der Zugriff und die Nutzung des Dienstes unterliegen den folgenden Allgemeinen Gesch\u00e4ftsbedingungen (\u201eBedingungen\u201c). Durch den Zugriff auf oder die Nutzung eines Teils des Dienstes erkl\u00e4ren Sie, dass Sie diese Bedingungen gelesen, verstanden und akzeptiert haben, einschlie\u00dflich aller zuk\u00fcnftigen \u00c4nderungen.<\/p>\n\n\n\n<p>Brainytoon kann diese Bedingungen \u00e4ndern, aktualisieren oder anpassen. Wenn wir dies tun, geben wir am Ende der Bedingungen das Datum der letzten \u00dcberarbeitung an. Wenn Sie nicht bereit sind, diesen Bedingungen zuzustimmen, sind Sie nicht berechtigt, den Dienst zu nutzen oder darauf zuzugreifen.<\/p>\n\n\n\n<p><strong>\u00dcbersicht<\/strong><\/p>\n\n\n\n<p>Diese Bedingungen richten sich an Eltern und Nutzer der Dienste.<\/p>\n\n\n\n<p>Die Sammlung, Nutzung und Weitergabe von Informationen, die von Ihnen oder einem von Ihnen autorisierten Kind erfasst werden, ist in der Datenschutzrichtlinie detailliert beschrieben, die durch Verweis in diese Bedingungen aufgenommen und Bestandteil davon ist.<\/p>\n\n\n\n<p>Durch den Kauf eines Abonnements, die Registrierung eines Kontos oder die Nutzung der Dienste, einschlie\u00dflich bestimmter Funktionen unserer Produkte und\/oder Dienstleistungen, akzeptieren Sie diese Bedingungen.<\/p>\n\n\n\n<p>Derzeit bieten wir unsere Dienste f\u00fcr:<\/p>\n\n\n\n<ul class=\"wp-block-list\">\n<li>Familien \u2013 durch Benutzerkonten; und<\/li>\n\n\n\n<li>Schulen \u2013 durch Gesch\u00e4ftskonten an.<\/li>\n<\/ul>\n\n\n\n<p>Durch die Aktivierung eines Kontos erkl\u00e4ren Sie sich damit einverstanden, dass wir Ihr Abonnement automatisch f\u00fcr denselben Zeitraum verl\u00e4ngern, einen Tag nach Ablauf Ihres vorherigen Abonnements. Sie erm\u00e4chtigen uns, Ihnen die Geb\u00fchren f\u00fcr den Abonnementzeitraum in Rechnung zu stellen, es sei denn, Sie k\u00fcndigen Ihr Konto vor dem Verl\u00e4ngerungsdatum.<\/p>\n\n\n\n<p><strong>SIE STIMMEN ZU, STREITIGKEITEN DURCH SCHIEDSVERFAHREN BEIZULEGEN, STATT VOR GERICHT ZU GEHEN.<\/strong><\/p>\n\n\n\n<p>Ihre Nutzung der Dienste erfolgt WIE BESEHEN, ohne Gew\u00e4hrleistung und ohne Haftung unsererseits.<\/p>\n\n\n\n<p>1. <strong>Mitgliedschaften<\/strong><\/p>\n\n\n\n<p>Sie m\u00fcssen mindestens 18 Jahre alt sein, um ein Konto zu erstellen und ein kostenpflichtiges Abonnement abzuschlie\u00dfen. Ihre Mitgliedschaft ist nicht \u00fcbertragbar. Sie d\u00fcrfen Ihren Benutzernamen, Ihre E-Mail-Adresse und Ihr Passwort nicht mit anderen teilen oder anderen den Zugriff auf die Website mit Ihren Zugangsdaten gestatten. Sie sind f\u00fcr jede Nutzung der Website verantwortlich, die in Verbindung mit Ihren Zugangsdaten erfolgt.<\/p>\n\n\n\n<p>Sie m\u00fcssen angemessene Anstrengungen unternehmen, um Ihre Zugangsdaten vertraulich zu behandeln. Sie m\u00fcssen uns unverz\u00fcglich informieren, wenn Ihnen eine unbefugte Nutzung Ihres Kontos bekannt wird. Die Mitgliedschaft basiert auf regelm\u00e4\u00dfigen Abonnementgeb\u00fchren, die auf der Anmeldeseite der Website detailliert beschrieben sind. Ihre Mitgliedschaft oder der Zugriff auf Inhalte und Bereiche der Website wird ausgesetzt oder beendet, wenn wir die Geb\u00fchren f\u00fcr Ihre Abonnementart nicht erhalten.<\/p>\n\n\n\n<p>2. <strong>Zahlungen<\/strong><\/p>\n\n\n\n<p>A) <strong>Automatisch verl\u00e4ngerbare, wiederkehrende Abonnements<\/strong><\/p>\n\n\n\n<p>Sie verstehen und stimmen zu, dass die Mitgliedsgeb\u00fchren monatlich oder j\u00e4hrlich, abh\u00e4ngig von Ihren Abonnementbedingungen, zum Zeitpunkt des Kaufs f\u00e4llig sind, um auf die kostenpflichtigen Inhalte f\u00fcr einen fortlaufenden Zeitraum zugreifen zu k\u00f6nnen.<\/p>\n\n\n\n<p>B) <strong>Geschenk-Abonnements<\/strong><\/p>\n\n\n\n<p>Sie verstehen und stimmen zu, dass die Geb\u00fchren f\u00fcr Geschenk-Abonnements zum Zeitpunkt des Kaufs f\u00e4llig sind, um auf die kostenpflichtigen Inhalte zuzugreifen. Sie verstehen, dass Ihr Geschenk-Abonnement nicht automatisch verl\u00e4ngert wird und Sie erneut kaufen und abonnieren m\u00fcssen, um den Service fortzusetzen.<\/p>\n\n\n\n<p>C) <strong>K\u00fcndigungen<\/strong><\/p>\n\n\n\n<p>Sie verstehen, dass Sie Ihr Abonnement jederzeit k\u00fcndigen k\u00f6nnen, um Ihre fortlaufende Mitgliedschaft zu beenden. Die K\u00fcndigung Ihres Abonnements deaktiviert die automatische Abrechnung, beeintr\u00e4chtigt jedoch nicht Ihren fortlaufenden Zugang oder Dienst. Wir senden Ihnen eine Best\u00e4tigungs-E-Mail, wenn die K\u00fcndigung erfolgt ist. Wenn Sie die Brainytoon-App abonniert haben, m\u00fcssen Sie Ihr Abonnement \u00fcber den Apple App Store oder Google Play Store k\u00fcndigen. Brainytoon hat keine Kontrolle \u00fcber App-Abonnements der Benutzer.<\/p>\n\n\n\n<p>D) <strong>R\u00fcckerstattungen<\/strong><\/p>\n\n\n\n<p>Brainytoon bietet keine vollst\u00e4ndigen oder teilweisen R\u00fcckerstattungen f\u00fcr Website- und App-Abonnements. Wir empfehlen unseren Kunden, den kostenlosen Probezeitraum vor dem Kauf zu nutzen.<\/p>\n\n\n\n<ol class=\"wp-block-list\">\n<li><strong>Verf\u00fcgbarkeit und Nutzung der Website<\/strong><\/li>\n<\/ol>\n\n\n\n<p>Die Website ist in der Regel rund um die Uhr, sieben Tage die Woche verf\u00fcgbar. Es kann jedoch erforderlich sein, den Betrieb der Website oder die Bereitstellung von Diensten und Inhalten aufgrund von Wartungsarbeiten oder anderen Gr\u00fcnden zu unterbrechen.<\/p>\n\n\n\n<p>Wir freuen uns, Ihnen eine breite Palette exklusiver Inhalte f\u00fcr Ihre Bildungs- und Lernbed\u00fcrfnisse anbieten zu k\u00f6nnen, die wir regelm\u00e4\u00dfig aktualisieren m\u00f6chten. Die Inhalte werden nach unserem Ermessen von Zeit zu Zeit aktualisiert, ge\u00e4ndert oder entfernt. Daher k\u00f6nnen wir nicht garantieren, dass bestimmte Inhalte immer auf der Website verf\u00fcgbar sein werden.<\/p>\n\n\n\n<p>3. <strong>Rechte an Inhalten; Geistiges Eigentum<\/strong><\/p>\n\n\n\n<p>Brainytoon ist Eigent\u00fcmer aller Inhalte. Jedes Element der Inhalte ist urheberrechtlich durch seinen Autor gesch\u00fctzt.<\/p>\n\n\n\n<p>Alle Inhalte sind durch US-amerikanische und internationale Urheberrechts-, Marken-, Patent- und andere geistige Eigentumsrechte und -gesetze in gr\u00f6\u00dftm\u00f6glichem Umfang gesch\u00fctzt. \u201eInhalt\u201c bedeutet alle Texte, Grafiken, Benutzeroberfl\u00e4chen, visuellen Schnittstellen, Fotografien, Logos, T\u00f6ne, Musik, Kunstwerke und Computercodes, die auf oder \u00fcber die Dienste verf\u00fcgbar sind.<\/p>\n\n\n\n<p>Ihre Mitgliedschaft gew\u00e4hrt Ihnen das Recht (eine widerrufliche, nicht ausschlie\u00dfliche Lizenz), die Inhalte f\u00fcr pers\u00f6nliche Zwecke zu nutzen. Sie d\u00fcrfen die Inhalte nicht weiterverteilen. Alle Projektdateien, Tabellenkalkulationen oder andere Ressourcen im Zusammenhang mit den Inhalten dienen nur zur Demonstration der jeweiligen Kurs- oder Tutorial-Inhalte.<\/p>\n\n\n\n<p>Sie d\u00fcrfen Dateien f\u00fcr Ihre eigenen pers\u00f6nlichen Bildungszwecke verwenden, \u00e4ndern und manipulieren, d\u00fcrfen jedoch die Dateien oder Ressourcen nicht anderweitig verwerten oder weiterverteilen.<\/p>\n\n\n\n<p>Die auf der Website angezeigten Marken und Logos geh\u00f6ren, sofern nicht anders angegeben, Brainytoon und anderen. Sie d\u00fcrfen diese ohne Genehmigung des jeweiligen Eigent\u00fcmers nicht verwenden.<\/p>\n\n\n\n<p>4. <strong>Fair Use und unzul\u00e4ssiges Verhalten<\/strong><\/p>\n\n\n\n<p>Die Inhalte sind als Stream verf\u00fcgbar. Sie d\u00fcrfen die Inhalte im Rahmen Ihrer Mitgliedschaft nicht auf Ihren Computer herunterladen. Wir ermutigen Sie jedoch, druckbares Material nur f\u00fcr pers\u00f6nliche Bildungszwecke herunterzuladen.<\/p>\n\n\n\n<p>Ihre Mitgliedschaft unterliegt einer \u201eFair-Use-Politik\u201c. Unsere \u201eFair-Use-Politik\u201c erfordert, dass Ihre Nutzung der Website und der Inhalte fair, ehrlich und angemessen ist. Wir behalten uns das Recht vor, nach eigenem Ermessen zu entscheiden, ob ein Mitglied die \u201eFair-Use-Politik\u201c eingehalten hat.<\/p>\n\n\n\n<p>Sie d\u00fcrfen keine Skripte verwenden, um automatisch Inhalte massenhaft herunterzuladen. Dar\u00fcber hinaus ist es Ihnen nicht gestattet:<\/p>\n\n\n\n<ul class=\"wp-block-list\">\n<li>eine falsche E-Mail-Adresse zu verwenden, sich als andere auszugeben oder Ihre Verbindung zu anderen falsch darzustellen;<\/li>\n\n\n\n<li>unbefugten Zugang zu Computersystemen oder Materialien \u00fcber die Website zu versuchen;<\/li>\n\n\n\n<li>automatisch Informationen von oder \u00fcber die Website zu sammeln (z. B. durch \u201eSpidering\u201c, \u201eScreen Scraping\u201c, \u201eDatenbank-Scraping\u201c oder das Sammeln von E-Mail-Adressen);<\/li>\n\n\n\n<li>den Betrieb der Website auf irgendeine Weise zu st\u00f6ren oder zu ver\u00e4ndern, illegale Handlungen vorzunehmen, die geistigen Eigentumsrechte Dritter zu verletzen oder betr\u00fcgerisches, obsz\u00f6nes, beleidigendes oder verleumderisches Verhalten an den Tag zu legen; oder<\/li>\n\n\n\n<li>abgesehen von den in diesen Mitgliedschaftsbedingungen erlaubten F\u00e4llen, Inhalte oder andere Daten oder Codes, die \u00fcber die Website verf\u00fcgbar sind, zu kopieren, zu verbreiten, zu \u00fcbertragen, zu modifizieren oder anderweitig zu verwerten.<\/li>\n<\/ul>\n\n\n\n<p>5. <strong>Beschwerden wegen geistigen Eigentums<\/strong><\/p>\n\n\n\n<p>Wir respektieren die geistigen Eigentumsrechte anderer und fordern Sie auf, dies ebenfalls zu tun. Bitte kontaktieren Sie uns, wenn Sie glauben, dass Ihre geistigen Eigentumsrechte durch Inhalte auf der Website verletzt werden. Wenn Sie eine urheberrechtliche Beschwerde einreichen m\u00f6chten, leiten Sie uns bitte die folgenden Informationen weiter:<\/p>\n\n\n\n<ul class=\"wp-block-list\">\n<li>Ihre Adresse, Telefonnummer und E-Mail-Adresse;<\/li>\n\n\n\n<li>eine Beschreibung des Standorts des mutma\u00dflich rechtsverletzenden Materials;<\/li>\n\n\n\n<li>eine Beschreibung des urheberrechtlich gesch\u00fctzten Werks, das mutma\u00dflich verletzt wurde; und<\/li>\n\n\n\n<li>eine Erkl\u00e4rung, dass die in Ihrer Beschwerde gemachten Angaben korrekt sind und dass Sie entweder der Urheberrechtsinhaber sind oder bevollm\u00e4chtigt sind, im Namen des Urheberrechtsinhabers zu handeln.<\/li>\n<\/ul>\n\n\n\n<p>6. <strong>Datenschutz<\/strong><\/p>\n\n\n\n<p>Unsere Erhebung und Nutzung personenbezogener Daten von Ihnen wird in unserer Datenschutzrichtlinie beschrieben.<\/p>\n\n\n\n<p>Wir k\u00f6nnen personenbezogene Daten offenlegen, soweit dies erforderlich ist, um Gesetze, Vorschriften oder beh\u00f6rdliche Anfragen zu erf\u00fcllen.<\/p>\n\n\n\n<p>7. <strong>Ablehnung, Aussetzung oder Beendigung der Mitgliedschaft<\/strong><\/p>\n\n\n\n<p>Wir behalten uns das Recht vor, Ihre Mitgliedschaft und Ihren Zugriff auf die Website unverz\u00fcglich einzuschr\u00e4nken, auszusetzen oder zu beenden, wenn wir der Ansicht sind, dass Sie gegen diese Mitgliedschaftsbedingungen, andere Website-Regeln oder geltendes Recht versto\u00dfen haben.<\/p>\n\n\n\n<p>Wir behalten uns das Recht vor, nach unserem Ermessen die Mitgliedschaft zu verweigern (z. B. bei fr\u00fcheren Verst\u00f6\u00dfen gegen die Mitgliedschaftsbedingungen).<\/p>\n\n\n\n<p>8. <strong>Haftung und Haftungsausschluss<\/strong><\/p>\n\n\n\n<p>Sofern nicht durch geltende, nicht ausschlie\u00dfbare Gesetze anders vorgeschrieben, sind wir nur an die ausdr\u00fccklichen Zusagen gebunden, die in diesen Mitgliedschaftsbedingungen gemacht werden, und nicht an stillschweigende Bedingungen. Sofern nicht durch geltende Gesetze anders vorgeschrieben:<\/p>\n\n\n\n<ul class=\"wp-block-list\">\n<li>versprechen wir nicht, dass die Inhalte oder Ihr Zugang zur Website ununterbrochen oder fehlerfrei sein werden, dass M\u00e4ngel behoben werden oder dass die Website oder die Inhalte frei von sch\u00e4dlichen Komponenten sind; und<\/li>\n\n\n\n<li>\u00fcbernehmen wir keine Gew\u00e4hr f\u00fcr die Richtigkeit, Vollst\u00e4ndigkeit, Zuverl\u00e4ssigkeit oder Aktualit\u00e4t der Inhalte.<\/li>\n<\/ul>\n\n\n\n<p>Sofern nicht durch geltende Gesetze anders vorgeschrieben, haften wir und unsere Partner nicht f\u00fcr indirekte, beil\u00e4ufige, besondere oder Folgesch\u00e4den, Einnahme- oder Gewinnverluste, die aus der Nutzung oder dem Zugang zur Website oder den Inhalten entstehen.<\/p>\n\n\n\n<p>9. <strong>\u00c4nderungen der Mitgliedschaftsbedingungen<\/strong><\/p>\n\n\n\n<p>Wir k\u00f6nnen diese Mitgliedschaftsbedingungen von Zeit zu Zeit \u00e4ndern. Sie haben die M\u00f6glichkeit, Ihr Abonnement zu k\u00fcndigen und eine anteilige R\u00fcckerstattung zu erhalten (basierend auf der verbleibenden Laufzeit Ihres Abonnements), wenn Sie die \u00c4nderungen nicht akzeptieren m\u00f6chten. Wenn Sie nicht widersprechen, wird Ihre fortgesetzte Nutzung der Website als Zustimmung zu den aktualisierten Mitgliedschaftsbedingungen angesehen.<\/p>\n\n\n\n<p>10. <strong>Anwendbare Gesetze<\/strong><\/p>\n\n\n\n<p>Wir betreiben die Website von unseren B\u00fcros in den USA aus. Diese Mitgliedschaftsbedingungen unterliegen den Gesetzen der USA, und Sie und Brainytoon unterwerfen sich der Gerichtsbarkeit der US-Gerichte.<\/p>\n\n\n\n<p>11. <strong>Einreichung von Inhalten durch Mitwirkende, Anbieter, Talente<\/strong><\/p>\n\n\n\n<p>Wenn Sie als Mitwirkender f\u00fcr Brainytoon t\u00e4tig sind oder werden, k\u00f6nnen Sie Inhalte erstellen, schreiben, \u00fcbersetzen, produzieren, bearbeiten, anpassen, vertonen, singen, Musik machen, Bilder, Illustrationen, Videos, Animationen und Soundeffekte erstellen, Software, Spiele, Websites oder mobile Apps entwickeln, wie zwischen Ihnen und Brainytoon im Einzelfall vereinbart.<\/p>\n\n\n\n<p>Vorbehaltlich aller auf dem Dienst ver\u00f6ffentlichten Richtlinien k\u00f6nnen Sie alle Aufgaben und Projekte nach Ihrem eigenen Zeitplan und mit Ihren eigenen Ressourcen ausf\u00fchren. Sie erkennen an, dass Sie f\u00fcr Ihre T\u00e4tigkeit als Mitwirkender auch eine Verg\u00fctung erhalten.<\/p>\n\n\n\n<p>Alle Beitr\u00e4ge, die Sie als Mitwirkender einreichen oder eingereicht haben, sind Eigentum von Brainytoon. Sie gew\u00e4hren uns zudem eine voll bezahlte, lizenzfreie, unbefristete, unterlizenzierbare Lizenz, das von Ihnen eingereichte Material zu reproduzieren, darzustellen, aufzuf\u00fchren, zu \u00e4ndern, davon abgeleitete Werke zu erstellen, zu verbreiten und anderweitig in jeglicher Form zu nutzen.<\/p>\n\n\n\n<p>12. <strong>\u00c4nderungen der Allgemeinen Gesch\u00e4ftsbedingungen<\/strong><\/p>\n\n\n\n<p>Brainytoon beh\u00e4lt sich das Recht vor, diese Allgemeinen Gesch\u00e4ftsbedingungen nach eigenem Ermessen zu \u00e4ndern, zu aktualisieren, hinzuzuf\u00fcgen oder Teile davon zu entfernen, mit oder ohne Mitteilung an Sie. Ihre fortgesetzte Nutzung der Brainytoon-Plattformen nach der Ver\u00f6ffentlichung von \u00c4nderungen an den Allgemeinen Gesch\u00e4ftsbedingungen gilt als Zustimmung zu diesen \u00c4nderungen.<\/p>\n","protected":false},"excerpt":{"rendered":"<p>Nutzungsbedingungen Wirksamkeitsdatum: 10. September 2024 Brainytoon, die Website und\/oder \u201eBrainytoon\u201c &amp; die mobilen Anwendungen sowie andere physische Produkte und Dienstleistungen werden von Brainytoon entwickelt, produziert und betrieben. Der Zugriff und die Nutzung des Dienstes unterliegen den folgenden Allgemeinen Gesch\u00e4ftsbedingungen (\u201eBedingungen\u201c). Durch den Zugriff auf oder die Nutzung eines Teils des Dienstes erkl\u00e4ren Sie, dass Sie&#8230;<\/p>\n","protected":false},"author":1,"featured_media":0,"parent":0,"menu_order":0,"comment_status":"closed","ping_status":"closed","template":"","meta":{"_kadence_starter_templates_imported_post":false,"_kad_post_transparent":"disable","_kad_post_title":"hide","_kad_post_layout":"","_kad_post_sidebar_id":"","_kad_post_content_style":"","_kad_post_vertical_padding":"hide","_kad_post_feature":"","_kad_post_feature_position":"","_kad_post_header":false,"_kad_post_footer":false,"_kad_post_classname":"","footnotes":""},"class_list":["post-89","page","type-page","status-publish","hentry"],"yoast_head":"<!-- This site is optimized with the Yoast SEO plugin v27.5 - https:\/\/yoast.com\/product\/yoast-seo-wordpress\/ -->\n<title>Nutzungsbedingungen | Brainytoon<\/title>\n<meta name=\"description\" content=\"Durch die Nutzung der Brainytoon-Dienste stimmen Sie unseren Nutzungsbedingungen zu, die Ihre Rechte und Pflichten als Nutzer festlegen\" \/>\n<meta name=\"robots\" content=\"index, follow, max-snippet:-1, max-image-preview:large, max-video-preview:-1\" \/>\n<link rel=\"canonical\" href=\"https:\/\/www.brainytoon.com\/de\/nutzungsbedingungen\/\" \/>\n<meta property=\"og:locale\" content=\"de_DE\" \/>\n<meta property=\"og:type\" content=\"article\" \/>\n<meta property=\"og:title\" content=\"Nutzungsbedingungen | Brainytoon\" \/>\n<meta property=\"og:description\" content=\"Durch die Nutzung der Brainytoon-Dienste stimmen Sie unseren Nutzungsbedingungen zu, die Ihre Rechte und Pflichten als Nutzer festlegen\" \/>\n<meta property=\"og:url\" content=\"https:\/\/www.brainytoon.com\/de\/nutzungsbedingungen\/\" \/>\n<meta property=\"og:site_name\" content=\"Brainytoon Deutsch\" \/>\n<meta property=\"article:modified_time\" content=\"2024-09-24T05:47:35+00:00\" \/>\n<meta name=\"twitter:card\" content=\"summary_large_image\" \/>\n<meta name=\"twitter:label1\" content=\"Gesch\u00e4tzte Lesezeit\" \/>\n\t<meta name=\"twitter:data1\" content=\"10\u00a0Minuten\" \/>\n<script type=\"application\/ld+json\" class=\"yoast-schema-graph\">{\"@context\":\"https:\\\/\\\/schema.org\",\"@graph\":[{\"@type\":\"WebPage\",\"@id\":\"https:\\\/\\\/www.brainytoon.com\\\/de\\\/nutzungsbedingungen\\\/\",\"url\":\"https:\\\/\\\/www.brainytoon.com\\\/de\\\/nutzungsbedingungen\\\/\",\"name\":\"Nutzungsbedingungen | Brainytoon\",\"isPartOf\":{\"@id\":\"https:\\\/\\\/www.brainytoon.com\\\/de\\\/#website\"},\"datePublished\":\"2024-09-24T05:46:14+00:00\",\"dateModified\":\"2024-09-24T05:47:35+00:00\",\"description\":\"Durch die Nutzung der Brainytoon-Dienste stimmen Sie unseren Nutzungsbedingungen zu, die Ihre Rechte und Pflichten als Nutzer festlegen\",\"breadcrumb\":{\"@id\":\"https:\\\/\\\/www.brainytoon.com\\\/de\\\/nutzungsbedingungen\\\/#breadcrumb\"},\"inLanguage\":\"de\",\"potentialAction\":[{\"@type\":\"ReadAction\",\"target\":[\"https:\\\/\\\/www.brainytoon.com\\\/de\\\/nutzungsbedingungen\\\/\"]}]},{\"@type\":\"BreadcrumbList\",\"@id\":\"https:\\\/\\\/www.brainytoon.com\\\/de\\\/nutzungsbedingungen\\\/#breadcrumb\",\"itemListElement\":[{\"@type\":\"ListItem\",\"position\":1,\"name\":\"Home\",\"item\":\"https:\\\/\\\/www.brainytoon.com\\\/de\\\/\"},{\"@type\":\"ListItem\",\"position\":2,\"name\":\"Nutzungsbedingungen\"}]},{\"@type\":\"WebSite\",\"@id\":\"https:\\\/\\\/www.brainytoon.com\\\/de\\\/#website\",\"url\":\"https:\\\/\\\/www.brainytoon.com\\\/de\\\/\",\"name\":\"Brainytoon\",\"description\":\"Lesen lernen kinder app mit Brainytoon\",\"publisher\":{\"@id\":\"https:\\\/\\\/www.brainytoon.com\\\/de\\\/#organization\"},\"potentialAction\":[{\"@type\":\"SearchAction\",\"target\":{\"@type\":\"EntryPoint\",\"urlTemplate\":\"https:\\\/\\\/www.brainytoon.com\\\/de\\\/?s={search_term_string}\"},\"query-input\":{\"@type\":\"PropertyValueSpecification\",\"valueRequired\":true,\"valueName\":\"search_term_string\"}}],\"inLanguage\":\"de\"},{\"@type\":\"Organization\",\"@id\":\"https:\\\/\\\/www.brainytoon.com\\\/de\\\/#organization\",\"name\":\"Brainytoon\",\"url\":\"https:\\\/\\\/www.brainytoon.com\\\/de\\\/\",\"logo\":{\"@type\":\"ImageObject\",\"inLanguage\":\"de\",\"@id\":\"https:\\\/\\\/www.brainytoon.com\\\/de\\\/#\\\/schema\\\/logo\\\/image\\\/\",\"url\":\"https:\\\/\\\/www.brainytoon.com\\\/de\\\/wp-content\\\/uploads\\\/sites\\\/3\\\/2026\\\/01\\\/brainytoon-education.png\",\"contentUrl\":\"https:\\\/\\\/www.brainytoon.com\\\/de\\\/wp-content\\\/uploads\\\/sites\\\/3\\\/2026\\\/01\\\/brainytoon-education.png\",\"width\":300,\"height\":100,\"caption\":\"Brainytoon\"},\"image\":{\"@id\":\"https:\\\/\\\/www.brainytoon.com\\\/de\\\/#\\\/schema\\\/logo\\\/image\\\/\"}}]}<\/script>\n<!-- \/ Yoast SEO plugin. -->","yoast_head_json":{"title":"Nutzungsbedingungen | Brainytoon","description":"Durch die Nutzung der Brainytoon-Dienste stimmen Sie unseren Nutzungsbedingungen zu, die Ihre Rechte und Pflichten als Nutzer festlegen","robots":{"index":"index","follow":"follow","max-snippet":"max-snippet:-1","max-image-preview":"max-image-preview:large","max-video-preview":"max-video-preview:-1"},"canonical":"https:\/\/www.brainytoon.com\/de\/nutzungsbedingungen\/","og_locale":"de_DE","og_type":"article","og_title":"Nutzungsbedingungen | Brainytoon","og_description":"Durch die Nutzung der Brainytoon-Dienste stimmen Sie unseren Nutzungsbedingungen zu, die Ihre Rechte und Pflichten als Nutzer festlegen","og_url":"https:\/\/www.brainytoon.com\/de\/nutzungsbedingungen\/","og_site_name":"Brainytoon Deutsch","article_modified_time":"2024-09-24T05:47:35+00:00","twitter_card":"summary_large_image","twitter_misc":{"Gesch\u00e4tzte Lesezeit":"10\u00a0Minuten"},"schema":{"@context":"https:\/\/schema.org","@graph":[{"@type":"WebPage","@id":"https:\/\/www.brainytoon.com\/de\/nutzungsbedingungen\/","url":"https:\/\/www.brainytoon.com\/de\/nutzungsbedingungen\/","name":"Nutzungsbedingungen | Brainytoon","isPartOf":{"@id":"https:\/\/www.brainytoon.com\/de\/#website"},"datePublished":"2024-09-24T05:46:14+00:00","dateModified":"2024-09-24T05:47:35+00:00","description":"Durch die Nutzung der Brainytoon-Dienste stimmen Sie unseren Nutzungsbedingungen zu, die Ihre Rechte und Pflichten als Nutzer festlegen","breadcrumb":{"@id":"https:\/\/www.brainytoon.com\/de\/nutzungsbedingungen\/#breadcrumb"},"inLanguage":"de","potentialAction":[{"@type":"ReadAction","target":["https:\/\/www.brainytoon.com\/de\/nutzungsbedingungen\/"]}]},{"@type":"BreadcrumbList","@id":"https:\/\/www.brainytoon.com\/de\/nutzungsbedingungen\/#breadcrumb","itemListElement":[{"@type":"ListItem","position":1,"name":"Home","item":"https:\/\/www.brainytoon.com\/de\/"},{"@type":"ListItem","position":2,"name":"Nutzungsbedingungen"}]},{"@type":"WebSite","@id":"https:\/\/www.brainytoon.com\/de\/#website","url":"https:\/\/www.brainytoon.com\/de\/","name":"Brainytoon","description":"Lesen lernen kinder app mit Brainytoon","publisher":{"@id":"https:\/\/www.brainytoon.com\/de\/#organization"},"potentialAction":[{"@type":"SearchAction","target":{"@type":"EntryPoint","urlTemplate":"https:\/\/www.brainytoon.com\/de\/?s={search_term_string}"},"query-input":{"@type":"PropertyValueSpecification","valueRequired":true,"valueName":"search_term_string"}}],"inLanguage":"de"},{"@type":"Organization","@id":"https:\/\/www.brainytoon.com\/de\/#organization","name":"Brainytoon","url":"https:\/\/www.brainytoon.com\/de\/","logo":{"@type":"ImageObject","inLanguage":"de","@id":"https:\/\/www.brainytoon.com\/de\/#\/schema\/logo\/image\/","url":"https:\/\/www.brainytoon.com\/de\/wp-content\/uploads\/sites\/3\/2026\/01\/brainytoon-education.png","contentUrl":"https:\/\/www.brainytoon.com\/de\/wp-content\/uploads\/sites\/3\/2026\/01\/brainytoon-education.png","width":300,"height":100,"caption":"Brainytoon"},"image":{"@id":"https:\/\/www.brainytoon.com\/de\/#\/schema\/logo\/image\/"}}]}},"_links":{"self":[{"href":"https:\/\/www.brainytoon.com\/de\/wp-json\/wp\/v2\/pages\/89","targetHints":{"allow":["GET"]}}],"collection":[{"href":"https:\/\/www.brainytoon.com\/de\/wp-json\/wp\/v2\/pages"}],"about":[{"href":"https:\/\/www.brainytoon.com\/de\/wp-json\/wp\/v2\/types\/page"}],"author":[{"embeddable":true,"href":"https:\/\/www.brainytoon.com\/de\/wp-json\/wp\/v2\/users\/1"}],"replies":[{"embeddable":true,"href":"https:\/\/www.brainytoon.com\/de\/wp-json\/wp\/v2\/comments?post=89"}],"version-history":[{"count":5,"href":"https:\/\/www.brainytoon.com\/de\/wp-json\/wp\/v2\/pages\/89\/revisions"}],"predecessor-version":[{"id":94,"href":"https:\/\/www.brainytoon.com\/de\/wp-json\/wp\/v2\/pages\/89\/revisions\/94"}],"wp:attachment":[{"href":"https:\/\/www.brainytoon.com\/de\/wp-json\/wp\/v2\/media?parent=89"}],"curies":[{"name":"wp","href":"https:\/\/api.w.org\/{rel}","templated":true}]}}