{"id":85,"date":"2024-09-24T05:40:51","date_gmt":"2024-09-24T05:40:51","guid":{"rendered":"https:\/\/www.brainytoon.com\/de\/?page_id=85"},"modified":"2024-09-24T05:40:52","modified_gmt":"2024-09-24T05:40:52","slug":"datenschutzrichtlinie","status":"publish","type":"page","link":"https:\/\/www.brainytoon.com\/de\/datenschutzrichtlinie\/","title":{"rendered":"Datenschutzrichtlinie"},"content":{"rendered":"\n<h2 class=\"wp-block-heading\">Datenschutzrichtlinie<\/h2>\n\n\n\n<p>G\u00fcltig ab: 10. September 2024<\/p>\n\n\n\n<p>Willkommen bei Brainytoon. Wir sind bestrebt, Bildungs-, unterhaltsame, spa\u00dfige und sichere Inhalte f\u00fcr Kinder und Erwachsene bereitzustellen. Da Brainytoon eine Online-Lernumgebung f\u00fcr Kinder ist, treffen wir zus\u00e4tzliche Vorsichtsma\u00dfnahmen f\u00fcr unsere jungen Lernenden.<\/p>\n\n\n\n<p>Unsere Datenschutzerkl\u00e4rung entspricht dem US-amerikanischen \u201eChildren\u2019s Online Privacy Protection Act\u201c (\u201eCOPPA\u201c) und beschreibt unsere Praktiken im Umgang mit personenbezogenen Daten von Kindern. Wir bitten unsere Nutzer und empfehlen unseren Besuchern, diese Datenschutzerkl\u00e4rung sorgf\u00e4ltig zu lesen und zu verstehen. In dieser Datenschutzerkl\u00e4rung k\u00f6nnen wir Brainytoon als \u201eBrainytoon\u201c, \u201ewir\u201c, \u201euns\u201c, \u201eSeite\u201c, \u201eApps\u201c, \u201eUnternehmen\u201c, \u201eDienste\u201c oder \u201eunser\u201c bezeichnen. Nutzer der Website und der mobilen Apps werden als \u201eSie\u201c, \u201eNutzer\u201c, \u201eKunde\u201c, \u201eAbonnent\u201c, \u201eBesucher\u201c oder \u201eMitglied\u201c bezeichnet.<\/p>\n\n\n\n<p>Indem Sie uns Ihre pers\u00f6nlichen Daten zur Verf\u00fcgung stellen, w\u00e4hrend Sie die Dienste nutzen, stimmen Sie der Verarbeitung Ihrer pers\u00f6nlichen Daten zu, wie in dieser Datenschutzerkl\u00e4rung beschrieben. Au\u00dferdem erkl\u00e4ren Sie sich mit der Registrierung eines Brainytoon-Kontos damit einverstanden, dass Sie \u00fcber 18 Jahre alt sind und unsere Nutzungsbedingungen sowie unsere Datenschutzerkl\u00e4rung akzeptieren. Wenn Sie mit dieser Datenschutzerkl\u00e4rung nicht einverstanden sind, bitten wir Sie, die Dienste nicht zu nutzen.<\/p>\n\n\n\n<p><strong>Informationen, die wir sammeln<\/strong><\/p>\n\n\n\n<p><strong>Navigationsinformationen und UDID<\/strong><\/p>\n\n\n\n<p>Wenn Sie unsere Dienste besuchen oder nutzen, k\u00f6nnen wir automatisch Navigationsinformationen sammeln, wie z. B. Ihre IP-Adresse, das Datum und die Uhrzeit des Besuchs und die Dauer Ihres Aufenthalts auf unserer Website, die Referral-URL, die besuchten Seiten auf unserer Website oder App sowie Informationen \u00fcber das verwendete Ger\u00e4t und den Browser (z. B. Browsertyp und -version sowie Betriebssystem).<\/p>\n\n\n\n<p>Wir k\u00f6nnen auch Besucherdaten sammeln, um das Verhalten, die Demografie, den Standort, die Seitenaufrufe, die Verweildauer auf der Website oder App sowie andere Metriken und Analysen besser zu verstehen und unsere Dienste zu verbessern.<\/p>\n\n\n\n<p>Zus\u00e4tzlich zu den auf unserer Website gesammelten Informationen k\u00f6nnen wir auch Ihre Stadt, Ger\u00e4temodell und -version, Ger\u00e4te-ID (oder \u201eUDID\u201c) und Betriebssystemversion erfassen. Diese Informationen werden in erster Linie ben\u00f6tigt, um die Sicherheit und den Betrieb unserer Dienste zu gew\u00e4hrleisten und f\u00fcr interne Analysen und Berichtszwecke.<\/p>\n\n\n\n<p><strong>Pers\u00f6nliche Informationen<\/strong><\/p>\n\n\n\n<p>Wir sammeln pers\u00f6nliche Informationen, die Sie uns freiwillig zur Verf\u00fcgung stellen, wenn (a) Sie ein Konto erstellen, um die Dienste \u00fcber unsere Website oder App zu nutzen; (b) wenn Sie uns kontaktieren, um Informationen \u00fcber unsere Dienste zu erhalten. Zu den pers\u00f6nlichen Informationen, die wir erfassen, k\u00f6nnen geh\u00f6ren: Ihr Name, Ihre E-Mail-Adresse, Zahlungsinformationen sowie Kredit- oder Debitkartennummern. Alle pers\u00f6nlichen Informationen, die Sie uns zur Verf\u00fcgung stellen, m\u00fcssen wahr, vollst\u00e4ndig und genau sein, und Sie m\u00fcssen uns \u00fcber \u00c4nderungen dieser pers\u00f6nlichen Informationen informieren. Die f\u00fcr Ihr Brainytoon bereitgestellten pers\u00f6nlichen Informationen werden auf Servern und Drittanbieter-Hosting-Diensten gespeichert und verwaltet, einschlie\u00dflich, aber nicht beschr\u00e4nkt auf Amazon Web Services, Mailchimp, Stripe und Google Cloud.<\/p>\n\n\n\n<p><strong>Zahlungsinformationen<\/strong><\/p>\n\n\n\n<p>Wenn Sie sich zur Nutzung unserer Dienste anmelden, erfassen wir die Daten, die f\u00fcr die Bearbeitung Ihrer Zahlung erforderlich sind. Alle Zahlungsdaten werden von einem sicheren Drittanbieter-Zahlungsgateway wie Stripe gespeichert. Sie finden die Datenschutzerkl\u00e4rung von Stripe hier: stripe.com.<\/p>\n\n\n\n<p><strong>Benutzerinhalte<\/strong><\/p>\n\n\n\n<p>Wir speichern auch eine Aufzeichnung unserer Korrespondenz mit Ihnen, einschlie\u00dflich, aber nicht beschr\u00e4nkt auf Feedback und\/oder Testimonials, die Sie zu unseren Diensten abgegeben haben, und die Informationen, die unserem Kundenservice bereitgestellt wurden.<\/p>\n\n\n\n<p><strong>Mobile Ger\u00e4tedaten<\/strong><\/p>\n\n\n\n<p>Wir k\u00f6nnen automatisch Ger\u00e4teinformationen erfassen (wie Ihre mobile Ger\u00e4te-ID, Modell und Hersteller), Betriebssystem, Versionsinformationen und IP-Adresse.<\/p>\n\n\n\n<p><strong>Push-Benachrichtigungen<\/strong><\/p>\n\n\n\n<p>Wir k\u00f6nnen Sie darum bitten, Ihnen Push-Benachrichtigungen bez\u00fcglich Ihres Kontos oder der mobilen Anwendung zu senden. Wenn Sie diese Art von Mitteilungen nicht mehr erhalten m\u00f6chten, k\u00f6nnen Sie sie in den Einstellungen Ihres Ger\u00e4ts deaktivieren.<\/p>\n\n\n\n<p><strong>Cookies<\/strong><\/p>\n\n\n\n<p><strong>Was ist ein Cookie?<\/strong><\/p>\n\n\n\n<p>Ein Cookie ist ein kleines Datenpaket, das eine Website Ihren Browser bittet, auf Ihrem Computer oder Mobilger\u00e4t zu speichern. Das Cookie erm\u00f6glicht es der Website, sich an Ihre Aktionen oder Vorlieben im Laufe der Zeit zu erinnern.<\/p>\n\n\n\n<p><strong>Wie verwenden wir Cookies?<\/strong><\/p>\n\n\n\n<p>Wir verwenden Cookies, um zu verstehen, wie Sie mit unseren Inhalten interagieren, und um Ihre Erfahrung bei der Nutzung von Brainytoon zu verbessern.<\/p>\n\n\n\n<p>Beispielsweise speichern einige Cookies Ihre E-Mail-Adresse, Sprache oder Pr\u00e4ferenzen, damit Sie diese Informationen nicht bei jedem Besuch erneut eingeben m\u00fcssen. Wir verwenden auch Cookies, um Ihnen standortbezogene Inhalte wie Lektionen, Aktivit\u00e4ten, Belohnungen usw. bereitzustellen.<\/p>\n\n\n\n<p>Die meisten Internetbrowser unterst\u00fctzen Cookies; Benutzer k\u00f6nnen ihre Browser jedoch so einstellen, dass bestimmte Arten von Cookies oder bestimmte Cookies abgelehnt werden. Dar\u00fcber hinaus k\u00f6nnen Benutzer Cookies jederzeit \u00fcber ihre Browser l\u00f6schen.<\/p>\n\n\n\n<p><strong>Drittanbieter<\/strong><\/p>\n\n\n\n<p>Wir verwenden Tools, um unsere Website-Nutzer besser zu verstehen. Diese Tools verwenden Cookies, um Informationen von Nutzern zu sammeln: IP-Adresse, Besuchszeit, besuchte Seiten, Verweildauer auf jeder Seite der Website und das verwendete Betriebssystem. Wir verwenden diese Informationen, um unsere Dienste zu verwalten und zu verbessern.<\/p>\n\n\n\n<p>Drittanbieter k\u00f6nnen Funktionen ausf\u00fchren, die uns beim Betrieb der Dienste helfen und die Erfassung oder Verarbeitung von Benutzerdaten in unserem Auftrag erfordern. Zu diesen Anbietern geh\u00f6ren Zahlungsdienstleister, E-Mail-Anbieter und Performance-Datenl\u00f6sungen.<\/p>\n\n\n\n<p><strong>Gesch\u00e4ftsbedingungen<\/strong><\/p>\n\n\n\n<p>Diese Datenschutzerkl\u00e4rung ist Bestandteil unserer Nutzungsbedingungen.<\/p>\n\n\n\n<p><strong>\u00c4nderungen an unserer Datenschutzerkl\u00e4rung<\/strong><\/p>\n\n\n\n<p>Brainytoon beh\u00e4lt sich das Recht vor, nach eigenem Ermessen Teile dieser Datenschutzerkl\u00e4rung jederzeit zu \u00e4ndern, zu aktualisieren, hinzuzuf\u00fcgen oder zu entfernen, mit oder ohne vorherige Ank\u00fcndigung. Ihre fortgesetzte Nutzung der Brainytoon-Onlineplattformen nach der Ver\u00f6ffentlichung von \u00c4nderungen der Datenschutzerkl\u00e4rung bedeutet, dass Sie diese \u00c4nderungen akzeptieren.<\/p>\n","protected":false},"excerpt":{"rendered":"<p>Datenschutzrichtlinie G\u00fcltig ab: 10. September 2024 Willkommen bei Brainytoon. Wir sind bestrebt, Bildungs-, unterhaltsame, spa\u00dfige und sichere Inhalte f\u00fcr Kinder und Erwachsene bereitzustellen. Da Brainytoon eine Online-Lernumgebung f\u00fcr Kinder ist, treffen wir zus\u00e4tzliche Vorsichtsma\u00dfnahmen f\u00fcr unsere jungen Lernenden. Unsere Datenschutzerkl\u00e4rung entspricht dem US-amerikanischen \u201eChildren\u2019s Online Privacy Protection Act\u201c (\u201eCOPPA\u201c) und beschreibt unsere Praktiken im Umgang&#8230;<\/p>\n","protected":false},"author":1,"featured_media":0,"parent":0,"menu_order":0,"comment_status":"closed","ping_status":"closed","template":"","meta":{"_kadence_starter_templates_imported_post":false,"_kad_post_transparent":"disable","_kad_post_title":"hide","_kad_post_layout":"default","_kad_post_sidebar_id":"","_kad_post_content_style":"","_kad_post_vertical_padding":"hide","_kad_post_feature":"","_kad_post_feature_position":"","_kad_post_header":false,"_kad_post_footer":false,"_kad_post_classname":"","footnotes":""},"class_list":["post-85","page","type-page","status-publish","hentry"],"yoast_head":"<!-- This site is optimized with the Yoast SEO plugin v27.5 - https:\/\/yoast.com\/product\/yoast-seo-wordpress\/ -->\n<title>Datenschutzrichtlinie | Brainytoon<\/title>\n<meta name=\"description\" content=\"Brainytoon legt Wert auf Datenschutz und bietet eine sichere Nutzererfahrung. Mehr dazu in unserer Datenschutzerkl\u00e4rung.\" \/>\n<meta name=\"robots\" content=\"index, follow, max-snippet:-1, max-image-preview:large, max-video-preview:-1\" \/>\n<link rel=\"canonical\" href=\"https:\/\/www.brainytoon.com\/de\/datenschutzrichtlinie\/\" \/>\n<meta property=\"og:locale\" content=\"de_DE\" \/>\n<meta property=\"og:type\" content=\"article\" \/>\n<meta property=\"og:title\" content=\"Datenschutzrichtlinie | Brainytoon\" \/>\n<meta property=\"og:description\" content=\"Brainytoon legt Wert auf Datenschutz und bietet eine sichere Nutzererfahrung. Mehr dazu in unserer Datenschutzerkl\u00e4rung.\" \/>\n<meta property=\"og:url\" content=\"https:\/\/www.brainytoon.com\/de\/datenschutzrichtlinie\/\" \/>\n<meta property=\"og:site_name\" content=\"Brainytoon Deutsch\" \/>\n<meta property=\"article:modified_time\" content=\"2024-09-24T05:40:52+00:00\" \/>\n<meta name=\"twitter:card\" content=\"summary_large_image\" \/>\n<meta name=\"twitter:label1\" content=\"Gesch\u00e4tzte Lesezeit\" \/>\n\t<meta name=\"twitter:data1\" content=\"5\u00a0Minuten\" \/>\n<script type=\"application\/ld+json\" class=\"yoast-schema-graph\">{\"@context\":\"https:\\\/\\\/schema.org\",\"@graph\":[{\"@type\":\"WebPage\",\"@id\":\"https:\\\/\\\/www.brainytoon.com\\\/de\\\/datenschutzrichtlinie\\\/\",\"url\":\"https:\\\/\\\/www.brainytoon.com\\\/de\\\/datenschutzrichtlinie\\\/\",\"name\":\"Datenschutzrichtlinie | Brainytoon\",\"isPartOf\":{\"@id\":\"https:\\\/\\\/www.brainytoon.com\\\/de\\\/#website\"},\"datePublished\":\"2024-09-24T05:40:51+00:00\",\"dateModified\":\"2024-09-24T05:40:52+00:00\",\"description\":\"Brainytoon legt Wert auf Datenschutz und bietet eine sichere Nutzererfahrung. Mehr dazu in unserer Datenschutzerkl\u00e4rung.\",\"breadcrumb\":{\"@id\":\"https:\\\/\\\/www.brainytoon.com\\\/de\\\/datenschutzrichtlinie\\\/#breadcrumb\"},\"inLanguage\":\"de\",\"potentialAction\":[{\"@type\":\"ReadAction\",\"target\":[\"https:\\\/\\\/www.brainytoon.com\\\/de\\\/datenschutzrichtlinie\\\/\"]}]},{\"@type\":\"BreadcrumbList\",\"@id\":\"https:\\\/\\\/www.brainytoon.com\\\/de\\\/datenschutzrichtlinie\\\/#breadcrumb\",\"itemListElement\":[{\"@type\":\"ListItem\",\"position\":1,\"name\":\"Home\",\"item\":\"https:\\\/\\\/www.brainytoon.com\\\/de\\\/\"},{\"@type\":\"ListItem\",\"position\":2,\"name\":\"Datenschutzrichtlinie\"}]},{\"@type\":\"WebSite\",\"@id\":\"https:\\\/\\\/www.brainytoon.com\\\/de\\\/#website\",\"url\":\"https:\\\/\\\/www.brainytoon.com\\\/de\\\/\",\"name\":\"Brainytoon\",\"description\":\"Lesen lernen kinder app mit Brainytoon\",\"publisher\":{\"@id\":\"https:\\\/\\\/www.brainytoon.com\\\/de\\\/#organization\"},\"potentialAction\":[{\"@type\":\"SearchAction\",\"target\":{\"@type\":\"EntryPoint\",\"urlTemplate\":\"https:\\\/\\\/www.brainytoon.com\\\/de\\\/?s={search_term_string}\"},\"query-input\":{\"@type\":\"PropertyValueSpecification\",\"valueRequired\":true,\"valueName\":\"search_term_string\"}}],\"inLanguage\":\"de\"},{\"@type\":\"Organization\",\"@id\":\"https:\\\/\\\/www.brainytoon.com\\\/de\\\/#organization\",\"name\":\"Brainytoon\",\"url\":\"https:\\\/\\\/www.brainytoon.com\\\/de\\\/\",\"logo\":{\"@type\":\"ImageObject\",\"inLanguage\":\"de\",\"@id\":\"https:\\\/\\\/www.brainytoon.com\\\/de\\\/#\\\/schema\\\/logo\\\/image\\\/\",\"url\":\"https:\\\/\\\/www.brainytoon.com\\\/de\\\/wp-content\\\/uploads\\\/sites\\\/3\\\/2026\\\/01\\\/brainytoon-education.png\",\"contentUrl\":\"https:\\\/\\\/www.brainytoon.com\\\/de\\\/wp-content\\\/uploads\\\/sites\\\/3\\\/2026\\\/01\\\/brainytoon-education.png\",\"width\":300,\"height\":100,\"caption\":\"Brainytoon\"},\"image\":{\"@id\":\"https:\\\/\\\/www.brainytoon.com\\\/de\\\/#\\\/schema\\\/logo\\\/image\\\/\"}}]}<\/script>\n<!-- \/ Yoast SEO plugin. -->","yoast_head_json":{"title":"Datenschutzrichtlinie | Brainytoon","description":"Brainytoon legt Wert auf Datenschutz und bietet eine sichere Nutzererfahrung. Mehr dazu in unserer Datenschutzerkl\u00e4rung.","robots":{"index":"index","follow":"follow","max-snippet":"max-snippet:-1","max-image-preview":"max-image-preview:large","max-video-preview":"max-video-preview:-1"},"canonical":"https:\/\/www.brainytoon.com\/de\/datenschutzrichtlinie\/","og_locale":"de_DE","og_type":"article","og_title":"Datenschutzrichtlinie | Brainytoon","og_description":"Brainytoon legt Wert auf Datenschutz und bietet eine sichere Nutzererfahrung. Mehr dazu in unserer Datenschutzerkl\u00e4rung.","og_url":"https:\/\/www.brainytoon.com\/de\/datenschutzrichtlinie\/","og_site_name":"Brainytoon Deutsch","article_modified_time":"2024-09-24T05:40:52+00:00","twitter_card":"summary_large_image","twitter_misc":{"Gesch\u00e4tzte Lesezeit":"5\u00a0Minuten"},"schema":{"@context":"https:\/\/schema.org","@graph":[{"@type":"WebPage","@id":"https:\/\/www.brainytoon.com\/de\/datenschutzrichtlinie\/","url":"https:\/\/www.brainytoon.com\/de\/datenschutzrichtlinie\/","name":"Datenschutzrichtlinie | Brainytoon","isPartOf":{"@id":"https:\/\/www.brainytoon.com\/de\/#website"},"datePublished":"2024-09-24T05:40:51+00:00","dateModified":"2024-09-24T05:40:52+00:00","description":"Brainytoon legt Wert auf Datenschutz und bietet eine sichere Nutzererfahrung. Mehr dazu in unserer Datenschutzerkl\u00e4rung.","breadcrumb":{"@id":"https:\/\/www.brainytoon.com\/de\/datenschutzrichtlinie\/#breadcrumb"},"inLanguage":"de","potentialAction":[{"@type":"ReadAction","target":["https:\/\/www.brainytoon.com\/de\/datenschutzrichtlinie\/"]}]},{"@type":"BreadcrumbList","@id":"https:\/\/www.brainytoon.com\/de\/datenschutzrichtlinie\/#breadcrumb","itemListElement":[{"@type":"ListItem","position":1,"name":"Home","item":"https:\/\/www.brainytoon.com\/de\/"},{"@type":"ListItem","position":2,"name":"Datenschutzrichtlinie"}]},{"@type":"WebSite","@id":"https:\/\/www.brainytoon.com\/de\/#website","url":"https:\/\/www.brainytoon.com\/de\/","name":"Brainytoon","description":"Lesen lernen kinder app mit Brainytoon","publisher":{"@id":"https:\/\/www.brainytoon.com\/de\/#organization"},"potentialAction":[{"@type":"SearchAction","target":{"@type":"EntryPoint","urlTemplate":"https:\/\/www.brainytoon.com\/de\/?s={search_term_string}"},"query-input":{"@type":"PropertyValueSpecification","valueRequired":true,"valueName":"search_term_string"}}],"inLanguage":"de"},{"@type":"Organization","@id":"https:\/\/www.brainytoon.com\/de\/#organization","name":"Brainytoon","url":"https:\/\/www.brainytoon.com\/de\/","logo":{"@type":"ImageObject","inLanguage":"de","@id":"https:\/\/www.brainytoon.com\/de\/#\/schema\/logo\/image\/","url":"https:\/\/www.brainytoon.com\/de\/wp-content\/uploads\/sites\/3\/2026\/01\/brainytoon-education.png","contentUrl":"https:\/\/www.brainytoon.com\/de\/wp-content\/uploads\/sites\/3\/2026\/01\/brainytoon-education.png","width":300,"height":100,"caption":"Brainytoon"},"image":{"@id":"https:\/\/www.brainytoon.com\/de\/#\/schema\/logo\/image\/"}}]}},"_links":{"self":[{"href":"https:\/\/www.brainytoon.com\/de\/wp-json\/wp\/v2\/pages\/85","targetHints":{"allow":["GET"]}}],"collection":[{"href":"https:\/\/www.brainytoon.com\/de\/wp-json\/wp\/v2\/pages"}],"about":[{"href":"https:\/\/www.brainytoon.com\/de\/wp-json\/wp\/v2\/types\/page"}],"author":[{"embeddable":true,"href":"https:\/\/www.brainytoon.com\/de\/wp-json\/wp\/v2\/users\/1"}],"replies":[{"embeddable":true,"href":"https:\/\/www.brainytoon.com\/de\/wp-json\/wp\/v2\/comments?post=85"}],"version-history":[{"count":3,"href":"https:\/\/www.brainytoon.com\/de\/wp-json\/wp\/v2\/pages\/85\/revisions"}],"predecessor-version":[{"id":88,"href":"https:\/\/www.brainytoon.com\/de\/wp-json\/wp\/v2\/pages\/85\/revisions\/88"}],"wp:attachment":[{"href":"https:\/\/www.brainytoon.com\/de\/wp-json\/wp\/v2\/media?parent=85"}],"curies":[{"name":"wp","href":"https:\/\/api.w.org\/{rel}","templated":true}]}}